{"id":2636,"date":"2023-10-03T07:54:05","date_gmt":"2023-10-03T07:54:05","guid":{"rendered":"http:\/\/lateralbranding.com\/accesibilidad\/"},"modified":"2023-10-17T09:53:27","modified_gmt":"2023-10-17T09:53:27","slug":"accesibilidad","status":"publish","type":"page","link":"http:\/\/lateralbranding.com\/ca\/accesibilidad\/","title":{"rendered":"accessibilitat"},"content":{"rendered":"\n<h2><strong>Declaraci\u00f3 d&#8217;accesibilitat<\/strong><\/h2>\n<p>Lateral Branding S.L. s&#8217;ha comprom\u00e8s a fer accessible el seu llocs web de conformitat amb el Reial decret 1112\/2018, de 7 de setembre, sobre accessibilitat dels llocs web i aplicacions per a dispositius m\u00f2bils del sector p\u00fablic.<\/p>\n<p>La present declaraci\u00f3 d&#8217;accessibilitat s&#8217;aplica al lloc web https:\/\/lateralbranding.com.<br \/>A tal fi, el desenvolupament i continguts s&#8217;ha desenvolupat tenint en consideraci\u00f3 la norma UNE-EN 301549, requerida pel RD 1112\/2018 i en les pautes d&#8217;accessibilitat a continguts WCAF 2.1, al nivell AA establerts pel (Consorci de la World Wide Web).<\/p>\n<p>D&#8217;acord amb la normativa s&#8217;han analitzat i ajustat els seg\u00fcents conceptes:<\/p>\n<p><strong>Multinavegador<\/strong><br \/>Les p\u00e0gines presenten una visualitzaci\u00f3 correcta en els diferents navegadors utilitzats per a l&#8217;an\u00e0lisi (Mozilla, Internet Explorer, Safari, Chrome).<\/p>\n<p><strong>Navegaci\u00f3 coherent<\/strong><br \/>S&#8217;assegura la consist\u00e8ncia en el lloc web, que permet que la navegaci\u00f3 sigui coherent en totes les p\u00e0gines i ofereix una experi\u00e8ncia d&#8217;usuari gratificant.<\/p>\n<p><strong>Distraccions<\/strong><br \/>S&#8217;eviten interfer\u00e8ncies com el contingut intermitent, el parpelleig exagerat o l&#8217;\u00e0udio que es posa en marxa autom\u00e0ticament.<\/p>\n<p><strong>Imatges de text<\/strong><br \/>En general, el contingut, excepte logotip, imatges de marca i marques de tercers, es pot configurar perfectament, ja que s&#8217;eviten les imatges de text.<\/p>\n<p><strong>T\u00edtols<\/strong><br \/>Els t\u00edtols de p\u00e0gina denominen el tema principal del contingut principal i la secci\u00f3 per a contextualitzar als usuaris.<\/p>\n<p><strong>Contrast de colors<\/strong><br \/>Les caracter\u00edstiques visuals del web (tipus de lletra, color del text i fons, etc.) s&#8217;han definit mitjan\u00e7ant la fulla d&#8217;estil.<br \/>S&#8217;ha treballat a establir una concordan\u00e7a entre contrast que compleixi amb la identitat de la marca i ajustant-se en la mesura possible a les pautes de les *WCAG 2.0 referides a la r\u00e0tio de contrast en el nivell *AA. A m\u00e9s es facilita una eina d&#8217;accessibilitat per a poder ajustar la visualitzaci\u00f3 a modes de visi\u00f3 d&#8217;alt contrast.<\/p>\n<p><strong>Formularis<\/strong><br \/>Els formularis contenen etiquetes i controls associats per a permetre el salt entre seccions correctament.<\/p>\n<p><strong>Idioma<\/strong><br \/>L&#8217;idioma de les p\u00e0gines est\u00e0 definit a nivell codi. A m\u00e9s en el cas de tenir continguts *multi-idioma s&#8217;ofereix una visualitzaci\u00f3 de l&#8217;idioma actual del contingut<\/p>\n<p><strong>Xarxes socials<\/strong><br \/>Els connectors de les xarxes socials s\u00f3n accessibles.<\/p>\n<p><strong>Reproductor d&#8217;audiovisuals<\/strong><br \/>Els reproductors d&#8217;audiovisuals s\u00f3n accessibles per a usuaris de qualsevol tipus de dispositiu, usuaris de teclat i persones cegues.<\/p>\n<p><strong>Audiovisuals<\/strong><br \/>Els audiovisuals que expliquen processos contenen audiodescripci\u00f3, descripcions i subt\u00edtols. Excepte en el cas de ser imatges animades sense *ningun tipus d&#8217;aportaci\u00f3<\/p>\n<p><strong>Llenguatge<\/strong><br \/>El llenguatge de la p\u00e0gina \u00e9s simple i adequat per al p\u00fablic al qual va dirigit el contingut.<\/p>\n<h2>\u00a0<\/h2>\n<h2>Situaci\u00f3 de compliment<\/h2>\n<p>Aquest lloc web \u00e9s parcialment conforme amb l&#8217;RD 1112\/2018 a causa de les excepcions i a la falta de conformitat dels aspectes que s&#8217;indiquen en el seg\u00fcent punt.<\/p>\n<h3>Contingut no accessible<\/h3>\n<p>El contingut que es recull a continuaci\u00f3 no \u00e9s accessible pel seg\u00fcent:<\/p>\n<p><strong>Falta de conformitat amb l&#8217;RD 1112\/2018<\/strong><br \/>Podrien existir documents ofim\u00e0tics en PDF i altres formats publicats posteriorment al 20 de setembre de 2018 que no compleixin \u00edntegrament els requisits d&#8217;accessibilitat. Es poden sol\u00b7licitar els documents completament accessibles des del formulari de contacte per a formalitzar queixes i consultes.<\/p>\n<p>Podrien existir errors de codi puntuals d&#8217;edici\u00f3 en alguna p\u00e0gina web.<\/p>\n<p><strong>C\u00e0rrega desproporcionada<\/strong><br \/>No aplica.<\/p>\n<p><strong>El contingut no entra dins de l&#8217;\u00e0mbit de la legislaci\u00f3 aplicable<\/strong><br \/>Podrien existir arxius ofim\u00e0tics en PDF o altres formats publicats abans del 20 de setembre de 2018 que no compleixin \u00edntegrament tots els requisits d&#8217;accessibilitat. Encara que s&#8217;ha procurat que la majoria d&#8217;ells s\u00ed que ho compleixin.<\/p>\n<h2>Preparaci\u00f3 de la present declaraci\u00f3 d&#8217;accessibilitat<\/h2>\n<p>La present declaraci\u00f3 va ser preparada el 30 de maig de 2023.<\/p>\n<p>El m\u00e8tode emprat per a preparar la declaraci\u00f3 ha estat una autoavaluaci\u00f3 duta a terme per l&#8217;empresa de desenvolupament.<\/p>\n<p>\u00daltima revisi\u00f3 de la declaraci\u00f3: 10 d&#8217;octubre de 2023.<\/p>\n<p><strong>Observacions i dades de contacte<\/strong><\/p>\n<p>Pot realitzar comunicacions sobre requisits d&#8217;accessibilitat (article 10.2.a de l&#8217;RD 1112\/2018) com, per exemple:<\/p>\n<ul>\n<li>Informar sobre qualsevol possible incompliment per part d&#8217;aquest lloc web<\/li>\n<li>Transmetre altres dificultats d&#8217;acc\u00e9s al contingut<\/li>\n<li>Formular qualsevol altra consulta o suggeriment de millora relativa a l&#8217;accessibilitat del lloc web a trav\u00e9s del formulari de contacte d&#8217;aquest lloc web o a trav\u00e9s del n\u00famero de tel\u00e8fon (+34) 933 435 804.<\/li>\n<\/ul>\n<p><strong>Pot presentar:<\/strong><\/p>\n<ul style=\"list-style-type: disc;\">\n<li>Queixa relativa al compliment dels requisits del RD 1112\/2018 o<\/li>\n<li>Sol\u00b7licitud d&#8217;Informaci\u00f3 accessible relativa a:\n<ul style=\"list-style-type: circle;\">\n<li>Continguts que estan exclosos de l&#8217;\u00e0mbit d&#8217;aplicaci\u00f3 del RD 1112\/2018 segons el que s&#8217;estableix per l&#8217;article 3, apartat 4<\/li>\n<li>Continguts que estan exempts del compliment dels requisits d&#8217;accessibilitat per imposar una c\u00e0rrega desproporcionada.<\/li>\n<\/ul>\n<\/li>\n<\/ul>\n<p>A la Sol\u00b7licitud d&#8217;informaci\u00f3 accessible, s&#8217;ha de concretar, amb tota claredat, els fets, raons i petici\u00f3 que permetin constatar que es tracta d&#8217;una sol\u00b7licitud raonable i leg\u00edtima.<\/p>\n<p>Les queixes i reclamacions sobre informaci\u00f3 accessible es realitzaran a trav\u00e9s del formulari de contacte en https:\/\/lateralbranding.com\/contacto, i seran rebudes i tractades per l&#8217;equip per a facilitar qualsevol tipus de contingut.<\/p>\n<h2>Contingut opcional<\/h2>\n<p>Aquesta web est\u00e0 dissenyada per a poder canviar la grand\u00e0ria del text i el color, aix\u00ed com el fons de la p\u00e0gina mitjan\u00e7ant les opcions de configuraci\u00f3 est\u00e0ndard dels navegadors.<\/p>\n<p>A m\u00e9s es facilita una eina d&#8217;accessibilitat en la part inferior dreta per a poder configurar r\u00e0pidament entre diverses opcions.<\/p>\n<p>Si desitja canviar la grand\u00e0ria de lletra del text en els principals navegadors gr\u00e0fics utilitzi els seg\u00fcents men\u00fas:<\/p>\n<ul>\n<li>Internet Explorer, Mozilla i Firefox: Veure &gt; Grand\u00e0ria del text<\/li>\n<li>Opera: Veure &gt; Zoom<\/li>\n<li>Safari: Veure &gt; Fer el text m\u00e9s gran<\/li>\n<li>Chrome: Controla la p\u00e0gina actual &gt; Grand\u00e0ria del text<\/li>\n<\/ul>\n<p>Per modificar la grand\u00e0ria de tot en la p\u00e0gina:<\/p>\n<ul>\n<li>Ctrl + + per a augmentar-lo<\/li>\n<li>Ctrl + &#8211; per a disminuir-lo<\/li>\n<li>Ctrl + 0 restaura la grand\u00e0ria original del text<\/li>\n<\/ul>\n<p>\u00a0<\/p>\n","protected":false},"excerpt":{"rendered":"<p>Declaraci\u00f3 d&#8217;accesibilitat Lateral Branding S.L. s&#8217;ha comprom\u00e8s a fer accessible el seu llocs web de conformitat amb el Reial decret 1112\/2018, de 7 de setembre, sobre accessibilitat dels llocs web &hellip;<\/p>\n","protected":false},"author":1,"featured_media":0,"parent":0,"menu_order":0,"comment_status":"closed","ping_status":"closed","template":"","meta":{"_acf_changed":false,"footnotes":""},"class_list":["post-2636","page","type-page","status-publish","hentry"],"acf":[],"yoast_head":"<!-- This site is optimized with the Yoast SEO plugin v25.9 - https:\/\/yoast.com\/wordpress\/plugins\/seo\/ -->\n<title>accessibilitat - Lateral Branding<\/title>\n<meta name=\"description\" content=\"Declaraci\u00f3 d&#039;accesibilitat Lateral Branding S.L. s&#039;ha comprom\u00e8s a fer accessible el seu llocs web de conformitat amb el Reial decret 1112\/2018, de 7 de\" \/>\n<meta name=\"robots\" content=\"index, follow, max-snippet:-1, max-image-preview:large, max-video-preview:-1\" \/>\n<link rel=\"canonical\" href=\"http:\/\/lateralbranding.com\/ca\/accesibilidad\/\" \/>\n<meta property=\"og:locale\" content=\"ca_ES\" \/>\n<meta property=\"og:type\" content=\"article\" \/>\n<meta property=\"og:title\" content=\"accessibilitat - Lateral Branding\" \/>\n<meta property=\"og:description\" content=\"Declaraci\u00f3 d&#039;accesibilitat Lateral Branding S.L. s&#039;ha comprom\u00e8s a fer accessible el seu llocs web de conformitat amb el Reial decret 1112\/2018, de 7 de\" \/>\n<meta property=\"og:url\" content=\"http:\/\/lateralbranding.com\/ca\/accesibilidad\/\" \/>\n<meta property=\"og:site_name\" content=\"Lateral Branding\" \/>\n<meta property=\"article:modified_time\" content=\"2023-10-17T09:53:27+00:00\" \/>\n<meta name=\"twitter:card\" content=\"summary_large_image\" \/>\n<meta name=\"twitter:label1\" content=\"Temps estimat de lectura\" \/>\n\t<meta name=\"twitter:data1\" content=\"5 minuts\" \/>\n<script type=\"application\/ld+json\" class=\"yoast-schema-graph\">{\"@context\":\"https:\/\/schema.org\",\"@graph\":[{\"@type\":\"WebPage\",\"@id\":\"http:\/\/lateralbranding.com\/ca\/accesibilidad\/\",\"url\":\"http:\/\/lateralbranding.com\/ca\/accesibilidad\/\",\"name\":\"accessibilitat - Lateral Branding\",\"isPartOf\":{\"@id\":\"https:\/\/lateralbranding.com\/ca\/#website\"},\"datePublished\":\"2023-10-03T07:54:05+00:00\",\"dateModified\":\"2023-10-17T09:53:27+00:00\",\"description\":\"Declaraci\u00f3 d'accesibilitat Lateral Branding S.L. s'ha comprom\u00e8s a fer accessible el seu llocs web de conformitat amb el Reial decret 1112\/2018, de 7 de\",\"breadcrumb\":{\"@id\":\"http:\/\/lateralbranding.com\/ca\/accesibilidad\/#breadcrumb\"},\"inLanguage\":\"ca\",\"potentialAction\":[{\"@type\":\"ReadAction\",\"target\":[\"http:\/\/lateralbranding.com\/ca\/accesibilidad\/\"]}]},{\"@type\":\"BreadcrumbList\",\"@id\":\"http:\/\/lateralbranding.com\/ca\/accesibilidad\/#breadcrumb\",\"itemListElement\":[{\"@type\":\"ListItem\",\"position\":1,\"name\":\"Portada\",\"item\":\"http:\/\/lateralbranding.com\/ca\/\"},{\"@type\":\"ListItem\",\"position\":2,\"name\":\"accessibilitat\"}]},{\"@type\":\"WebSite\",\"@id\":\"https:\/\/lateralbranding.com\/ca\/#website\",\"url\":\"https:\/\/lateralbranding.com\/ca\/\",\"name\":\"Lateral Branding\",\"description\":\"\",\"publisher\":{\"@id\":\"https:\/\/lateralbranding.com\/ca\/#organization\"},\"potentialAction\":[{\"@type\":\"SearchAction\",\"target\":{\"@type\":\"EntryPoint\",\"urlTemplate\":\"https:\/\/lateralbranding.com\/ca\/?s={search_term_string}\"},\"query-input\":{\"@type\":\"PropertyValueSpecification\",\"valueRequired\":true,\"valueName\":\"search_term_string\"}}],\"inLanguage\":\"ca\"},{\"@type\":\"Organization\",\"@id\":\"https:\/\/lateralbranding.com\/ca\/#organization\",\"name\":\"Lateral Branding\",\"url\":\"https:\/\/lateralbranding.com\/ca\/\",\"logo\":{\"@type\":\"ImageObject\",\"inLanguage\":\"ca\",\"@id\":\"https:\/\/lateralbranding.com\/ca\/#\/schema\/logo\/image\/\",\"url\":\"http:\/\/lateralbranding.com\/wp-content\/uploads\/logo-lateralbranding.png\",\"contentUrl\":\"http:\/\/lateralbranding.com\/wp-content\/uploads\/logo-lateralbranding.png\",\"width\":400,\"height\":60,\"caption\":\"Lateral Branding\"},\"image\":{\"@id\":\"https:\/\/lateralbranding.com\/ca\/#\/schema\/logo\/image\/\"}}]}<\/script>\n<!-- \/ Yoast SEO plugin. -->","yoast_head_json":{"title":"accessibilitat - Lateral Branding","description":"Declaraci\u00f3 d'accesibilitat Lateral Branding S.L. s'ha comprom\u00e8s a fer accessible el seu llocs web de conformitat amb el Reial decret 1112\/2018, de 7 de","robots":{"index":"index","follow":"follow","max-snippet":"max-snippet:-1","max-image-preview":"max-image-preview:large","max-video-preview":"max-video-preview:-1"},"canonical":"http:\/\/lateralbranding.com\/ca\/accesibilidad\/","og_locale":"ca_ES","og_type":"article","og_title":"accessibilitat - Lateral Branding","og_description":"Declaraci\u00f3 d'accesibilitat Lateral Branding S.L. s'ha comprom\u00e8s a fer accessible el seu llocs web de conformitat amb el Reial decret 1112\/2018, de 7 de","og_url":"http:\/\/lateralbranding.com\/ca\/accesibilidad\/","og_site_name":"Lateral Branding","article_modified_time":"2023-10-17T09:53:27+00:00","twitter_card":"summary_large_image","twitter_misc":{"Temps estimat de lectura":"5 minuts"},"schema":{"@context":"https:\/\/schema.org","@graph":[{"@type":"WebPage","@id":"http:\/\/lateralbranding.com\/ca\/accesibilidad\/","url":"http:\/\/lateralbranding.com\/ca\/accesibilidad\/","name":"accessibilitat - Lateral Branding","isPartOf":{"@id":"https:\/\/lateralbranding.com\/ca\/#website"},"datePublished":"2023-10-03T07:54:05+00:00","dateModified":"2023-10-17T09:53:27+00:00","description":"Declaraci\u00f3 d'accesibilitat Lateral Branding S.L. s'ha comprom\u00e8s a fer accessible el seu llocs web de conformitat amb el Reial decret 1112\/2018, de 7 de","breadcrumb":{"@id":"http:\/\/lateralbranding.com\/ca\/accesibilidad\/#breadcrumb"},"inLanguage":"ca","potentialAction":[{"@type":"ReadAction","target":["http:\/\/lateralbranding.com\/ca\/accesibilidad\/"]}]},{"@type":"BreadcrumbList","@id":"http:\/\/lateralbranding.com\/ca\/accesibilidad\/#breadcrumb","itemListElement":[{"@type":"ListItem","position":1,"name":"Portada","item":"http:\/\/lateralbranding.com\/ca\/"},{"@type":"ListItem","position":2,"name":"accessibilitat"}]},{"@type":"WebSite","@id":"https:\/\/lateralbranding.com\/ca\/#website","url":"https:\/\/lateralbranding.com\/ca\/","name":"Lateral Branding","description":"","publisher":{"@id":"https:\/\/lateralbranding.com\/ca\/#organization"},"potentialAction":[{"@type":"SearchAction","target":{"@type":"EntryPoint","urlTemplate":"https:\/\/lateralbranding.com\/ca\/?s={search_term_string}"},"query-input":{"@type":"PropertyValueSpecification","valueRequired":true,"valueName":"search_term_string"}}],"inLanguage":"ca"},{"@type":"Organization","@id":"https:\/\/lateralbranding.com\/ca\/#organization","name":"Lateral Branding","url":"https:\/\/lateralbranding.com\/ca\/","logo":{"@type":"ImageObject","inLanguage":"ca","@id":"https:\/\/lateralbranding.com\/ca\/#\/schema\/logo\/image\/","url":"http:\/\/lateralbranding.com\/wp-content\/uploads\/logo-lateralbranding.png","contentUrl":"http:\/\/lateralbranding.com\/wp-content\/uploads\/logo-lateralbranding.png","width":400,"height":60,"caption":"Lateral Branding"},"image":{"@id":"https:\/\/lateralbranding.com\/ca\/#\/schema\/logo\/image\/"}}]}},"_links":{"self":[{"href":"http:\/\/lateralbranding.com\/ca\/wp-json\/wp\/v2\/pages\/2636","targetHints":{"allow":["GET"]}}],"collection":[{"href":"http:\/\/lateralbranding.com\/ca\/wp-json\/wp\/v2\/pages"}],"about":[{"href":"http:\/\/lateralbranding.com\/ca\/wp-json\/wp\/v2\/types\/page"}],"author":[{"embeddable":true,"href":"http:\/\/lateralbranding.com\/ca\/wp-json\/wp\/v2\/users\/1"}],"replies":[{"embeddable":true,"href":"http:\/\/lateralbranding.com\/ca\/wp-json\/wp\/v2\/comments?post=2636"}],"version-history":[{"count":0,"href":"http:\/\/lateralbranding.com\/ca\/wp-json\/wp\/v2\/pages\/2636\/revisions"}],"wp:attachment":[{"href":"http:\/\/lateralbranding.com\/ca\/wp-json\/wp\/v2\/media?parent=2636"}],"curies":[{"name":"wp","href":"https:\/\/api.w.org\/{rel}","templated":true}]}}