{"id":406,"date":"2022-06-28T10:09:25","date_gmt":"2022-06-28T10:09:25","guid":{"rendered":"http:\/\/lateralbranding.com\/politica-de-cookies\/"},"modified":"2023-10-17T09:52:39","modified_gmt":"2023-10-17T09:52:39","slug":"politica-de-cookies","status":"publish","type":"page","link":"http:\/\/lateralbranding.com\/ca\/politica-de-cookies\/","title":{"rendered":"pol\u00edtica de cookies"},"content":{"rendered":"<div class=\"cli_pg_page_contaner\">\n<p>Aquesta pol\u00edtica de cookies explica qu\u00e8 s\u00f3n les cookies i com les usem. Ha de llegir aquesta pol\u00edtica per a comprendre qu\u00e8 s\u00f3n les cookies, com les usem, els tipus de cookies que usem, \u00e9s a dir, la informaci\u00f3 que recopilem usant cookies i com s&#8217;usa aquesta informaci\u00f3 i com controlar les prefer\u00e8ncies de cookies. Per a obtenir m\u00e9s informaci\u00f3 sobre com usem, emmagatzemem i mantenim segurs les seves dades personals, consulti la nostra Pol\u00edtica de privacitat. En qualsevol moment pot canviar o retirar el seu consentiment de la Declaraci\u00f3 de cookies en el nostre lloc web. Obtingui m\u00e9s informaci\u00f3 sobre qui som, com pot contactar-nos i com processem les dades personals en la nostra Pol\u00edtica de privacitat. El seu consentiment s&#8217;aplica als seg\u00fcents dominis: dev.lateralbranding.com.emfasi.es<\/p>\n<div class=\"wt-cli-element cli_user_consent_state\"><\/div>\n<h3><\/h3>\n<h3>\u00bfqu\u00e8 s\u00f3n les cookies?<\/h3>\n<p>Les cookies s\u00f3n petits arxius de text que s&#8217;utilitzen per a emmagatzemar petits fragments d&#8217;informaci\u00f3. Les cookies s&#8217;emmagatzemen en el seu dispositiu quan el lloc web es carrega en el seu navegador. Aquestes cookies ens ajuden a fer que el lloc web funcioni correctament, fer que el lloc web sigui m\u00e9s segur, brindar una millor experi\u00e8ncia d&#8217;usuari i comprendre com funciona el lloc web i analitzar qu\u00e8 funciona i on necessita millorar.<\/p>\n<h3><\/h3>\n<h3>com usem les cookies?<\/h3>\n<p>Com la majoria dels serveis en l\u00ednia, el nostre lloc web utilitza cookies pr\u00f2pies i de tercers per una s\u00e8rie de prop\u00f2sits. Les cookies d&#8217;origen s\u00f3n en la seva majoria necess\u00e0ries perqu\u00e8 el lloc web funcioni correctament i no recopilen cap de les seves dades d&#8217;identificaci\u00f3 personal. Les cookies de tercers utilitzades en els nostres llocs web s&#8217;utilitzen principalment per a comprendre com funciona el lloc web, com interactua amb el nostre lloc web, mantenir els nostres serveis segurs, proporcionar anuncis que s\u00f3n rellevants per a vost\u00e8 i, en general, brindar-li una millor i millorada experi\u00e8ncia d&#8217;usuari i ajudar a accelerar les seves futures interaccions amb el nostre lloc web.<\/p>\n<h3>quins tipus de cookies utilitzem?<\/h3>\n<p>Les cookies utilitzades al nostre lloc web s&#8217;agrupen en les seg\u00fcents categories:<br \/>\n<div class=\"wt-cli-element cli_cookie_category_single\"><div class=\"cli_cookie_category_single\"><h5 class=\"cli_cookie_category_single_hd\">Necess\u00e0ria<\/h5><div class=\"cli_cookie_category_single_description\"><p>Les cookies necess\u00e0ries s\u00f3n absolutament essencials perqu\u00e8 el lloc web funcioni correctament. Aquesta categoria nom\u00e9s inclou galetes que garanteixen funcionalitats b\u00e0siques i caracter\u00edstiques de seguretat del lloc web. Aquestes galetes no emmagatzemen cap informaci\u00f3 personal.<\/p><\/div><\/div><div class=\"cli_cookie_category_single\"><h5 class=\"cli_cookie_category_single_hd\">No necessaries<\/h5><div class=\"cli_cookie_category_single_description\"><p>Les cookies que poden no ser particularment necess\u00e0ries perqu\u00e8 el lloc web funcioni i s\u2019utilitzen espec\u00edficament per recopilar dades personals de l\u2019usuari a trav\u00e9s d\u2019an\u00e0lisis, anuncis i altres continguts integrats s\u2019anomenen galetes no necess\u00e0ries. \u00c9s obligatori obtenir el consentiment de l\u2019usuari abans d\u2019executar aquestes galetes al vostre lloc web.<\/p><\/div><\/div><div class=\"cli_cookie_category_single\"><h5 class=\"cli_cookie_category_single_hd\">funcional<\/h5><div class=\"cli_cookie_category_single_description\"><p>Les cookies funcionals ajuden a realitzar determinades funcionalitats, com ara compartir el contingut del lloc web a plataformes de xarxes socials, recopilar comentaris i altres funcions de tercers.\r\n<\/p><\/div><\/div><\/div><\/p>\n<p>La seg\u00fcent llista detalla les cookies utilitzades en el nostre lloc web:<\/p>\n<table class=\"wt-cli-element cookielawinfo-classic cookielawinfo-row-cat-table\"><thead><tr><th scope=\"col\" class=\"cookielawinfo-column-1\">Cookie<\/th><th scope=\"col\" class=\"cookielawinfo-column-4\">Descripci\u00f3<\/th><\/thead><tbody><tr class=\"cookielawinfo-row-cat-title\"><th colspan=\"2\" class=\"cookielawinfo-row-cat-title-head\">Necess\u00e0ria<\/th><\/tr><tr class=\"cookielawinfo-row\"><td class=\"cookielawinfo-column-1\">CookieLawInfoConsent<\/td><td class=\"cookielawinfo-column-4\">CookieYes configura aquesta galeta per registrar l'estat del bot\u00f3 predeterminat de la categoria corresponent i l'estat de CCPA. Nom\u00e9s funciona en coordinaci\u00f3 amb la galeta principal.<\/td><\/tr><tr class=\"cookielawinfo-row\"><td class=\"cookielawinfo-column-1\">viewed_cookie_policy<\/td><td class=\"cookielawinfo-column-4\">La galeta la configura el connector de consentiment de galetes GDPR i s'utilitza per emmagatzemar si l'usuari ha consentit o no l'\u00fas de galetes. No emmagatzema cap dada personal.<\/td><\/tr><tr class=\"cookielawinfo-row\"><td class=\"cookielawinfo-column-1\">cookielawinfo-checkbox-necessary<\/td><td class=\"cookielawinfo-column-4\">Aquesta galeta l'estableix el connector de consentiment de galetes de GDPR. Les cookies s'utilitzen per emmagatzemar el consentiment de l'usuari per a les cookies de la categoria \"Necess\u00e0ries\".<\/td><\/tr><tr class=\"cookielawinfo-row\"><td class=\"cookielawinfo-column-1\">cookielawinfo-checkbox-non-necessary<\/td><td class=\"cookielawinfo-column-4\">Aquesta galeta l'estableix el connector de consentiment de galetes de GDPR. Les cookies s'utilitzen per emmagatzemar el consentiment de l'usuari per a les cookies de la categoria \"No Necess\u00e0ries\".<\/td><\/tr><tr class=\"cookielawinfo-row-cat-title\"><th colspan=\"2\" class=\"cookielawinfo-row-cat-title-head\">No necessaries<\/th><\/tr><tr class=\"cookielawinfo-row\"><td class=\"cookielawinfo-column-1\">test_cookie<\/td><td class=\"cookielawinfo-column-4\"><\/td><\/tr><tr class=\"cookielawinfo-row-cat-title\"><th colspan=\"2\" class=\"cookielawinfo-row-cat-title-head\">funcional<\/th><\/tr><tr class=\"cookielawinfo-row\"><td class=\"cookielawinfo-column-1\">wp-wpml_current_language<\/td><td class=\"cookielawinfo-column-4\">El connector multiling\u00fce de WordPress configura aquesta galeta per emmagatzemar la configuraci\u00f3 actual d'idioma\/idioma.<\/td><\/tr><\/tbody><\/table>\n<h3><\/h3>\n<h3>com puc controlar les prefer\u00e8ncies de cookies?<\/h3>\n<p>Pot administrar les seves prefer\u00e8ncies de cookies fent clic en el bot\u00f3 &#8220;Configuraci\u00f3&#8221; i habilitant o deshabilitant les categories de cookies en la finestra emergent segons les seves prefer\u00e8ncies.<\/p>\n<p>Si decideix canviar les seves prefer\u00e8ncies m\u00e9s tard a trav\u00e9s de la seva sessi\u00f3 de navegaci\u00f3, pot fer clic en la pestanya &#8220;Pol\u00edtica de privacitat i cookies&#8221; en la seva pantalla. Aix\u00f2 mostrar\u00e0 l&#8217;av\u00eds de consentiment novament, la qual cosa li permetr\u00e0 canviar les seves prefer\u00e8ncies o retirar el seu consentiment per complet.<\/p>\n<p>A m\u00e9s d&#8217;aix\u00f2, els diferents navegadors brinden diferents m\u00e8todes per a bloquejar i eliminar les cookies utilitzades pels llocs web. Pot canviar la configuraci\u00f3 del seu navegador per a bloquejar\/eliminar les cookies. Per obtenir m\u00e9s informaci\u00f3 sobre com administrar i eliminar les cookies, visiti wikipedia.org, www.allaboutcookies.org.<\/p>\n<a id=\"wt-cli-settings-btn\" tabindex=\"0\" role='button' style=\"border-bottom:1px solid; text-decoration:none;\" class=\"wt-cli-element cli_settings_button\"  >configurar cookies<\/a>\n<\/div>\n","protected":false},"excerpt":{"rendered":"<p>Aquesta pol\u00edtica de cookies explica qu\u00e8 s\u00f3n les cookies i com les usem. Ha de llegir aquesta pol\u00edtica per a comprendre qu\u00e8 s\u00f3n les cookies, com les usem, els tipus &hellip;<\/p>\n","protected":false},"author":1,"featured_media":0,"parent":0,"menu_order":0,"comment_status":"closed","ping_status":"closed","template":"","meta":{"_acf_changed":false,"footnotes":""},"class_list":["post-406","page","type-page","status-publish","hentry"],"acf":[],"yoast_head":"<!-- This site is optimized with the Yoast SEO plugin v25.9 - https:\/\/yoast.com\/wordpress\/plugins\/seo\/ -->\n<title>pol\u00edtica de cookies - Lateral Branding<\/title>\n<meta name=\"description\" content=\"Aquesta pol\u00edtica de cookies explica qu\u00e8 s\u00f3n les cookies i com les usem. Ha de llegir aquesta pol\u00edtica per a comprendre qu\u00e8 s\u00f3n les cookies, com les usem,\" \/>\n<meta name=\"robots\" content=\"index, follow, max-snippet:-1, max-image-preview:large, max-video-preview:-1\" \/>\n<link rel=\"canonical\" href=\"http:\/\/lateralbranding.com\/ca\/politica-de-cookies\/\" \/>\n<meta property=\"og:locale\" content=\"ca_ES\" \/>\n<meta property=\"og:type\" content=\"article\" \/>\n<meta property=\"og:title\" content=\"pol\u00edtica de cookies - Lateral Branding\" \/>\n<meta property=\"og:description\" content=\"Aquesta pol\u00edtica de cookies explica qu\u00e8 s\u00f3n les cookies i com les usem. Ha de llegir aquesta pol\u00edtica per a comprendre qu\u00e8 s\u00f3n les cookies, com les usem,\" \/>\n<meta property=\"og:url\" content=\"http:\/\/lateralbranding.com\/ca\/politica-de-cookies\/\" \/>\n<meta property=\"og:site_name\" content=\"Lateral Branding\" \/>\n<meta property=\"article:modified_time\" content=\"2023-10-17T09:52:39+00:00\" \/>\n<meta name=\"twitter:card\" content=\"summary_large_image\" \/>\n<meta name=\"twitter:label1\" content=\"Temps estimat de lectura\" \/>\n\t<meta name=\"twitter:data1\" content=\"3 minuts\" \/>\n<script type=\"application\/ld+json\" class=\"yoast-schema-graph\">{\"@context\":\"https:\/\/schema.org\",\"@graph\":[{\"@type\":\"WebPage\",\"@id\":\"http:\/\/lateralbranding.com\/ca\/politica-de-cookies\/\",\"url\":\"http:\/\/lateralbranding.com\/ca\/politica-de-cookies\/\",\"name\":\"pol\u00edtica de cookies - Lateral Branding\",\"isPartOf\":{\"@id\":\"https:\/\/lateralbranding.com\/ca\/#website\"},\"datePublished\":\"2022-06-28T10:09:25+00:00\",\"dateModified\":\"2023-10-17T09:52:39+00:00\",\"description\":\"Aquesta pol\u00edtica de cookies explica qu\u00e8 s\u00f3n les cookies i com les usem. Ha de llegir aquesta pol\u00edtica per a comprendre qu\u00e8 s\u00f3n les cookies, com les usem,\",\"breadcrumb\":{\"@id\":\"http:\/\/lateralbranding.com\/ca\/politica-de-cookies\/#breadcrumb\"},\"inLanguage\":\"ca\",\"potentialAction\":[{\"@type\":\"ReadAction\",\"target\":[\"http:\/\/lateralbranding.com\/ca\/politica-de-cookies\/\"]}]},{\"@type\":\"BreadcrumbList\",\"@id\":\"http:\/\/lateralbranding.com\/ca\/politica-de-cookies\/#breadcrumb\",\"itemListElement\":[{\"@type\":\"ListItem\",\"position\":1,\"name\":\"Portada\",\"item\":\"http:\/\/lateralbranding.com\/ca\/\"},{\"@type\":\"ListItem\",\"position\":2,\"name\":\"pol\u00edtica de cookies\"}]},{\"@type\":\"WebSite\",\"@id\":\"https:\/\/lateralbranding.com\/ca\/#website\",\"url\":\"https:\/\/lateralbranding.com\/ca\/\",\"name\":\"Lateral Branding\",\"description\":\"\",\"publisher\":{\"@id\":\"https:\/\/lateralbranding.com\/ca\/#organization\"},\"potentialAction\":[{\"@type\":\"SearchAction\",\"target\":{\"@type\":\"EntryPoint\",\"urlTemplate\":\"https:\/\/lateralbranding.com\/ca\/?s={search_term_string}\"},\"query-input\":{\"@type\":\"PropertyValueSpecification\",\"valueRequired\":true,\"valueName\":\"search_term_string\"}}],\"inLanguage\":\"ca\"},{\"@type\":\"Organization\",\"@id\":\"https:\/\/lateralbranding.com\/ca\/#organization\",\"name\":\"Lateral Branding\",\"url\":\"https:\/\/lateralbranding.com\/ca\/\",\"logo\":{\"@type\":\"ImageObject\",\"inLanguage\":\"ca\",\"@id\":\"https:\/\/lateralbranding.com\/ca\/#\/schema\/logo\/image\/\",\"url\":\"http:\/\/lateralbranding.com\/wp-content\/uploads\/logo-lateralbranding.png\",\"contentUrl\":\"http:\/\/lateralbranding.com\/wp-content\/uploads\/logo-lateralbranding.png\",\"width\":400,\"height\":60,\"caption\":\"Lateral Branding\"},\"image\":{\"@id\":\"https:\/\/lateralbranding.com\/ca\/#\/schema\/logo\/image\/\"}}]}<\/script>\n<!-- \/ Yoast SEO plugin. -->","yoast_head_json":{"title":"pol\u00edtica de cookies - Lateral Branding","description":"Aquesta pol\u00edtica de cookies explica qu\u00e8 s\u00f3n les cookies i com les usem. Ha de llegir aquesta pol\u00edtica per a comprendre qu\u00e8 s\u00f3n les cookies, com les usem,","robots":{"index":"index","follow":"follow","max-snippet":"max-snippet:-1","max-image-preview":"max-image-preview:large","max-video-preview":"max-video-preview:-1"},"canonical":"http:\/\/lateralbranding.com\/ca\/politica-de-cookies\/","og_locale":"ca_ES","og_type":"article","og_title":"pol\u00edtica de cookies - Lateral Branding","og_description":"Aquesta pol\u00edtica de cookies explica qu\u00e8 s\u00f3n les cookies i com les usem. Ha de llegir aquesta pol\u00edtica per a comprendre qu\u00e8 s\u00f3n les cookies, com les usem,","og_url":"http:\/\/lateralbranding.com\/ca\/politica-de-cookies\/","og_site_name":"Lateral Branding","article_modified_time":"2023-10-17T09:52:39+00:00","twitter_card":"summary_large_image","twitter_misc":{"Temps estimat de lectura":"3 minuts"},"schema":{"@context":"https:\/\/schema.org","@graph":[{"@type":"WebPage","@id":"http:\/\/lateralbranding.com\/ca\/politica-de-cookies\/","url":"http:\/\/lateralbranding.com\/ca\/politica-de-cookies\/","name":"pol\u00edtica de cookies - Lateral Branding","isPartOf":{"@id":"https:\/\/lateralbranding.com\/ca\/#website"},"datePublished":"2022-06-28T10:09:25+00:00","dateModified":"2023-10-17T09:52:39+00:00","description":"Aquesta pol\u00edtica de cookies explica qu\u00e8 s\u00f3n les cookies i com les usem. Ha de llegir aquesta pol\u00edtica per a comprendre qu\u00e8 s\u00f3n les cookies, com les usem,","breadcrumb":{"@id":"http:\/\/lateralbranding.com\/ca\/politica-de-cookies\/#breadcrumb"},"inLanguage":"ca","potentialAction":[{"@type":"ReadAction","target":["http:\/\/lateralbranding.com\/ca\/politica-de-cookies\/"]}]},{"@type":"BreadcrumbList","@id":"http:\/\/lateralbranding.com\/ca\/politica-de-cookies\/#breadcrumb","itemListElement":[{"@type":"ListItem","position":1,"name":"Portada","item":"http:\/\/lateralbranding.com\/ca\/"},{"@type":"ListItem","position":2,"name":"pol\u00edtica de cookies"}]},{"@type":"WebSite","@id":"https:\/\/lateralbranding.com\/ca\/#website","url":"https:\/\/lateralbranding.com\/ca\/","name":"Lateral Branding","description":"","publisher":{"@id":"https:\/\/lateralbranding.com\/ca\/#organization"},"potentialAction":[{"@type":"SearchAction","target":{"@type":"EntryPoint","urlTemplate":"https:\/\/lateralbranding.com\/ca\/?s={search_term_string}"},"query-input":{"@type":"PropertyValueSpecification","valueRequired":true,"valueName":"search_term_string"}}],"inLanguage":"ca"},{"@type":"Organization","@id":"https:\/\/lateralbranding.com\/ca\/#organization","name":"Lateral Branding","url":"https:\/\/lateralbranding.com\/ca\/","logo":{"@type":"ImageObject","inLanguage":"ca","@id":"https:\/\/lateralbranding.com\/ca\/#\/schema\/logo\/image\/","url":"http:\/\/lateralbranding.com\/wp-content\/uploads\/logo-lateralbranding.png","contentUrl":"http:\/\/lateralbranding.com\/wp-content\/uploads\/logo-lateralbranding.png","width":400,"height":60,"caption":"Lateral Branding"},"image":{"@id":"https:\/\/lateralbranding.com\/ca\/#\/schema\/logo\/image\/"}}]}},"_links":{"self":[{"href":"http:\/\/lateralbranding.com\/ca\/wp-json\/wp\/v2\/pages\/406","targetHints":{"allow":["GET"]}}],"collection":[{"href":"http:\/\/lateralbranding.com\/ca\/wp-json\/wp\/v2\/pages"}],"about":[{"href":"http:\/\/lateralbranding.com\/ca\/wp-json\/wp\/v2\/types\/page"}],"author":[{"embeddable":true,"href":"http:\/\/lateralbranding.com\/ca\/wp-json\/wp\/v2\/users\/1"}],"replies":[{"embeddable":true,"href":"http:\/\/lateralbranding.com\/ca\/wp-json\/wp\/v2\/comments?post=406"}],"version-history":[{"count":0,"href":"http:\/\/lateralbranding.com\/ca\/wp-json\/wp\/v2\/pages\/406\/revisions"}],"wp:attachment":[{"href":"http:\/\/lateralbranding.com\/ca\/wp-json\/wp\/v2\/media?parent=406"}],"curies":[{"name":"wp","href":"https:\/\/api.w.org\/{rel}","templated":true}]}}