{"id":418,"date":"2022-06-17T09:16:33","date_gmt":"2022-06-17T09:16:33","guid":{"rendered":"http:\/\/lateralbranding.com\/nosotros\/"},"modified":"2023-10-08T18:59:01","modified_gmt":"2023-10-08T18:59:01","slug":"nosatres","status":"publish","type":"page","link":"http:\/\/lateralbranding.com\/ca\/nosatres\/","title":{"rendered":"nosaltres"},"content":{"rendered":"\n<h2>perfil<\/h2>\n<p>A Lateral Br\u00e0nding constru\u00efm identitat de marca. La finalitat del nostre treball \u00e9s conformar les percepcions cap als productes i marques que ens confien des de dues fases successives: la conceptualitzaci\u00f3 i el disseny.<\/p>\n<p>Cada vegada amb m\u00e9s freq\u00fc\u00e8ncia els nostres projectes per a una marca s\u00f3n integrals, \u00e9s la conseq\u00fc\u00e8ncia d&#8217;haver definit la base conceptual i visual capa\u00e7 de connectar les diferents realitzacions que l&#8217;expressen amb total coher\u00e8ncia.<\/p>\n<h2>conviccions<\/h2>\n<p>Creiem que idear les coses amb sentit com\u00fa i plasmar-les d&#8217;una manera distintiva i personal \u00e9s avui la garantia m\u00e9s s\u00f2lida per a crear valor de marca.<\/p>\n<p>La nostra obstinaci\u00f3 \u00e9s aconseguir que els nostres projectes de marca destaquin, guanyant major percepci\u00f3 de valor per a poder mer\u00e8ixer la prefer\u00e8ncia d&#8217;uns consumidors saturats d&#8217;opcions i missatges.<\/p>\n<p>La diferenciaci\u00f3 conceptual i visual de les propostes de consum \u00e9s el cam\u00ed per a captar la seva atenci\u00f3, la premissa de la seva efic\u00e0cia competitiva.<\/p>\n<h2>serveis<\/h2>\n<p>Branding \/ Packaging \/ Corporate<\/p>\n","protected":false},"excerpt":{"rendered":"<p>perfil A Lateral Br\u00e0nding constru\u00efm identitat de marca. La finalitat del nostre treball \u00e9s conformar les percepcions cap als productes i marques que ens confien des de dues fases successives: &hellip;<\/p>\n","protected":false},"author":1,"featured_media":0,"parent":0,"menu_order":0,"comment_status":"closed","ping_status":"closed","template":"page-templates\/page-no-title.php","meta":{"_acf_changed":false,"footnotes":""},"class_list":["post-418","page","type-page","status-publish","hentry"],"acf":[],"yoast_head":"<!-- This site is optimized with the Yoast SEO plugin v25.9 - https:\/\/yoast.com\/wordpress\/plugins\/seo\/ -->\n<title>nosaltres - Lateral Branding<\/title>\n<meta name=\"description\" content=\"perfil A Lateral Br\u00e0nding constru\u00efm identitat de marca. La finalitat del nostre treball \u00e9s conformar les percepcions cap als productes i marques que ens\" \/>\n<meta name=\"robots\" content=\"index, follow, max-snippet:-1, max-image-preview:large, max-video-preview:-1\" \/>\n<link rel=\"canonical\" href=\"http:\/\/lateralbranding.com\/ca\/nosatres\/\" \/>\n<meta property=\"og:locale\" content=\"ca_ES\" \/>\n<meta property=\"og:type\" content=\"article\" \/>\n<meta property=\"og:title\" content=\"nosaltres - Lateral Branding\" \/>\n<meta property=\"og:description\" content=\"perfil A Lateral Br\u00e0nding constru\u00efm identitat de marca. La finalitat del nostre treball \u00e9s conformar les percepcions cap als productes i marques que ens\" \/>\n<meta property=\"og:url\" content=\"http:\/\/lateralbranding.com\/ca\/nosatres\/\" \/>\n<meta property=\"og:site_name\" content=\"Lateral Branding\" \/>\n<meta property=\"article:modified_time\" content=\"2023-10-08T18:59:01+00:00\" \/>\n<meta name=\"twitter:card\" content=\"summary_large_image\" \/>\n<meta name=\"twitter:label1\" content=\"Temps estimat de lectura\" \/>\n\t<meta name=\"twitter:data1\" content=\"1 minut\" \/>\n<script type=\"application\/ld+json\" class=\"yoast-schema-graph\">{\"@context\":\"https:\/\/schema.org\",\"@graph\":[{\"@type\":\"WebPage\",\"@id\":\"http:\/\/lateralbranding.com\/ca\/nosatres\/\",\"url\":\"http:\/\/lateralbranding.com\/ca\/nosatres\/\",\"name\":\"nosaltres - Lateral Branding\",\"isPartOf\":{\"@id\":\"https:\/\/lateralbranding.com\/ca\/#website\"},\"datePublished\":\"2022-06-17T09:16:33+00:00\",\"dateModified\":\"2023-10-08T18:59:01+00:00\",\"description\":\"perfil A Lateral Br\u00e0nding constru\u00efm identitat de marca. La finalitat del nostre treball \u00e9s conformar les percepcions cap als productes i marques que ens\",\"breadcrumb\":{\"@id\":\"http:\/\/lateralbranding.com\/ca\/nosatres\/#breadcrumb\"},\"inLanguage\":\"ca\",\"potentialAction\":[{\"@type\":\"ReadAction\",\"target\":[\"http:\/\/lateralbranding.com\/ca\/nosatres\/\"]}]},{\"@type\":\"BreadcrumbList\",\"@id\":\"http:\/\/lateralbranding.com\/ca\/nosatres\/#breadcrumb\",\"itemListElement\":[{\"@type\":\"ListItem\",\"position\":1,\"name\":\"Portada\",\"item\":\"http:\/\/lateralbranding.com\/ca\/\"},{\"@type\":\"ListItem\",\"position\":2,\"name\":\"nosaltres\"}]},{\"@type\":\"WebSite\",\"@id\":\"https:\/\/lateralbranding.com\/ca\/#website\",\"url\":\"https:\/\/lateralbranding.com\/ca\/\",\"name\":\"Lateral Branding\",\"description\":\"\",\"publisher\":{\"@id\":\"https:\/\/lateralbranding.com\/ca\/#organization\"},\"potentialAction\":[{\"@type\":\"SearchAction\",\"target\":{\"@type\":\"EntryPoint\",\"urlTemplate\":\"https:\/\/lateralbranding.com\/ca\/?s={search_term_string}\"},\"query-input\":{\"@type\":\"PropertyValueSpecification\",\"valueRequired\":true,\"valueName\":\"search_term_string\"}}],\"inLanguage\":\"ca\"},{\"@type\":\"Organization\",\"@id\":\"https:\/\/lateralbranding.com\/ca\/#organization\",\"name\":\"Lateral Branding\",\"url\":\"https:\/\/lateralbranding.com\/ca\/\",\"logo\":{\"@type\":\"ImageObject\",\"inLanguage\":\"ca\",\"@id\":\"https:\/\/lateralbranding.com\/ca\/#\/schema\/logo\/image\/\",\"url\":\"http:\/\/lateralbranding.com\/wp-content\/uploads\/logo-lateralbranding.png\",\"contentUrl\":\"http:\/\/lateralbranding.com\/wp-content\/uploads\/logo-lateralbranding.png\",\"width\":400,\"height\":60,\"caption\":\"Lateral Branding\"},\"image\":{\"@id\":\"https:\/\/lateralbranding.com\/ca\/#\/schema\/logo\/image\/\"}}]}<\/script>\n<!-- \/ Yoast SEO plugin. -->","yoast_head_json":{"title":"nosaltres - Lateral Branding","description":"perfil A Lateral Br\u00e0nding constru\u00efm identitat de marca. La finalitat del nostre treball \u00e9s conformar les percepcions cap als productes i marques que ens","robots":{"index":"index","follow":"follow","max-snippet":"max-snippet:-1","max-image-preview":"max-image-preview:large","max-video-preview":"max-video-preview:-1"},"canonical":"http:\/\/lateralbranding.com\/ca\/nosatres\/","og_locale":"ca_ES","og_type":"article","og_title":"nosaltres - Lateral Branding","og_description":"perfil A Lateral Br\u00e0nding constru\u00efm identitat de marca. La finalitat del nostre treball \u00e9s conformar les percepcions cap als productes i marques que ens","og_url":"http:\/\/lateralbranding.com\/ca\/nosatres\/","og_site_name":"Lateral Branding","article_modified_time":"2023-10-08T18:59:01+00:00","twitter_card":"summary_large_image","twitter_misc":{"Temps estimat de lectura":"1 minut"},"schema":{"@context":"https:\/\/schema.org","@graph":[{"@type":"WebPage","@id":"http:\/\/lateralbranding.com\/ca\/nosatres\/","url":"http:\/\/lateralbranding.com\/ca\/nosatres\/","name":"nosaltres - Lateral Branding","isPartOf":{"@id":"https:\/\/lateralbranding.com\/ca\/#website"},"datePublished":"2022-06-17T09:16:33+00:00","dateModified":"2023-10-08T18:59:01+00:00","description":"perfil A Lateral Br\u00e0nding constru\u00efm identitat de marca. La finalitat del nostre treball \u00e9s conformar les percepcions cap als productes i marques que ens","breadcrumb":{"@id":"http:\/\/lateralbranding.com\/ca\/nosatres\/#breadcrumb"},"inLanguage":"ca","potentialAction":[{"@type":"ReadAction","target":["http:\/\/lateralbranding.com\/ca\/nosatres\/"]}]},{"@type":"BreadcrumbList","@id":"http:\/\/lateralbranding.com\/ca\/nosatres\/#breadcrumb","itemListElement":[{"@type":"ListItem","position":1,"name":"Portada","item":"http:\/\/lateralbranding.com\/ca\/"},{"@type":"ListItem","position":2,"name":"nosaltres"}]},{"@type":"WebSite","@id":"https:\/\/lateralbranding.com\/ca\/#website","url":"https:\/\/lateralbranding.com\/ca\/","name":"Lateral Branding","description":"","publisher":{"@id":"https:\/\/lateralbranding.com\/ca\/#organization"},"potentialAction":[{"@type":"SearchAction","target":{"@type":"EntryPoint","urlTemplate":"https:\/\/lateralbranding.com\/ca\/?s={search_term_string}"},"query-input":{"@type":"PropertyValueSpecification","valueRequired":true,"valueName":"search_term_string"}}],"inLanguage":"ca"},{"@type":"Organization","@id":"https:\/\/lateralbranding.com\/ca\/#organization","name":"Lateral Branding","url":"https:\/\/lateralbranding.com\/ca\/","logo":{"@type":"ImageObject","inLanguage":"ca","@id":"https:\/\/lateralbranding.com\/ca\/#\/schema\/logo\/image\/","url":"http:\/\/lateralbranding.com\/wp-content\/uploads\/logo-lateralbranding.png","contentUrl":"http:\/\/lateralbranding.com\/wp-content\/uploads\/logo-lateralbranding.png","width":400,"height":60,"caption":"Lateral Branding"},"image":{"@id":"https:\/\/lateralbranding.com\/ca\/#\/schema\/logo\/image\/"}}]}},"_links":{"self":[{"href":"http:\/\/lateralbranding.com\/ca\/wp-json\/wp\/v2\/pages\/418","targetHints":{"allow":["GET"]}}],"collection":[{"href":"http:\/\/lateralbranding.com\/ca\/wp-json\/wp\/v2\/pages"}],"about":[{"href":"http:\/\/lateralbranding.com\/ca\/wp-json\/wp\/v2\/types\/page"}],"author":[{"embeddable":true,"href":"http:\/\/lateralbranding.com\/ca\/wp-json\/wp\/v2\/users\/1"}],"replies":[{"embeddable":true,"href":"http:\/\/lateralbranding.com\/ca\/wp-json\/wp\/v2\/comments?post=418"}],"version-history":[{"count":0,"href":"http:\/\/lateralbranding.com\/ca\/wp-json\/wp\/v2\/pages\/418\/revisions"}],"wp:attachment":[{"href":"http:\/\/lateralbranding.com\/ca\/wp-json\/wp\/v2\/media?parent=418"}],"curies":[{"name":"wp","href":"https:\/\/api.w.org\/{rel}","templated":true}]}}