{"id":428,"date":"2022-03-31T07:48:04","date_gmt":"2022-03-31T07:48:04","guid":{"rendered":"http:\/\/lateralbranding.com\/pagina-principal\/"},"modified":"2023-10-16T15:10:36","modified_gmt":"2023-10-16T15:10:36","slug":"pagina-principal","status":"publish","type":"page","link":"http:\/\/lateralbranding.com\/ca\/","title":{"rendered":"P\u00e1gina principal"},"content":{"rendered":"\n<p>En Lateral Branding construimos identidad de marca<\/p>\n","protected":false},"excerpt":{"rendered":"<p>En LATERAL BRANDING construimos identidad de marca desde la estrategia, la conceptualizaci\u00f3n y el dise\u00f1o. Convertimos el posicionamiento en una experiencia real para el consumidor, a partir del dise\u00f1o de cualquier soporte capaz de expresar con eficacia el valor diferencial de la marca: su propia plasmaci\u00f3n visual y la de sus productos y sus materiales de comunicaci\u00f3n.<\/p>\n","protected":false},"author":1,"featured_media":0,"parent":0,"menu_order":0,"comment_status":"closed","ping_status":"closed","template":"page-templates\/page-home.php","meta":{"_acf_changed":false,"footnotes":""},"class_list":["post-428","page","type-page","status-publish","hentry"],"acf":[],"yoast_head":"<!-- This site is optimized with the Yoast SEO plugin v25.9 - https:\/\/yoast.com\/wordpress\/plugins\/seo\/ -->\n<title>Lateral Branding - Construimos Identidad de marca<\/title>\n<meta name=\"description\" content=\"En LATERAL BRANDING construimos identidad de marca desde la estrategia, la conceptualizaci\u00f3n y el dise\u00f1o. Convertimos el posicionamiento en una experiencia real para el consumidor, a partir del dise\u00f1o de cualquier soporte capaz de expresar con eficacia el valor diferencial de la marca: su propia plasmaci\u00f3n visual y la de sus productos y sus materiales de comunicaci\u00f3n.\" \/>\n<meta name=\"robots\" content=\"index, follow, max-snippet:-1, max-image-preview:large, max-video-preview:-1\" \/>\n<link rel=\"canonical\" href=\"http:\/\/lateralbranding.com\/ca\/\" \/>\n<meta property=\"og:locale\" content=\"ca_ES\" \/>\n<meta property=\"og:type\" content=\"article\" \/>\n<meta property=\"og:title\" content=\"Lateral Branding - Construimos Identidad de marca\" \/>\n<meta property=\"og:description\" content=\"En LATERAL BRANDING construimos identidad de marca desde la estrategia, la conceptualizaci\u00f3n y el dise\u00f1o. Convertimos el posicionamiento en una experiencia real para el consumidor, a partir del dise\u00f1o de cualquier soporte capaz de expresar con eficacia el valor diferencial de la marca: su propia plasmaci\u00f3n visual y la de sus productos y sus materiales de comunicaci\u00f3n.\" \/>\n<meta property=\"og:url\" content=\"http:\/\/lateralbranding.com\/ca\/\" \/>\n<meta property=\"og:site_name\" content=\"Lateral Branding\" \/>\n<meta property=\"article:modified_time\" content=\"2023-10-16T15:10:36+00:00\" \/>\n<meta name=\"twitter:card\" content=\"summary_large_image\" \/>\n<meta name=\"twitter:label1\" content=\"Temps estimat de lectura\" \/>\n\t<meta name=\"twitter:data1\" content=\"1 minut\" \/>\n<script type=\"application\/ld+json\" class=\"yoast-schema-graph\">{\"@context\":\"https:\/\/schema.org\",\"@graph\":[{\"@type\":\"WebPage\",\"@id\":\"http:\/\/lateralbranding.com\/ca\/\",\"url\":\"http:\/\/lateralbranding.com\/ca\/\",\"name\":\"Lateral Branding - Construimos Identidad de marca\",\"isPartOf\":{\"@id\":\"https:\/\/lateralbranding.com\/ca\/#website\"},\"datePublished\":\"2022-03-31T07:48:04+00:00\",\"dateModified\":\"2023-10-16T15:10:36+00:00\",\"description\":\"En LATERAL BRANDING construimos identidad de marca desde la estrategia, la conceptualizaci\u00f3n y el dise\u00f1o. Convertimos el posicionamiento en una experiencia real para el consumidor, a partir del dise\u00f1o de cualquier soporte capaz de expresar con eficacia el valor diferencial de la marca: su propia plasmaci\u00f3n visual y la de sus productos y sus materiales de comunicaci\u00f3n.\",\"breadcrumb\":{\"@id\":\"http:\/\/lateralbranding.com\/ca\/#breadcrumb\"},\"inLanguage\":\"ca\",\"potentialAction\":[{\"@type\":\"ReadAction\",\"target\":[\"http:\/\/lateralbranding.com\/ca\/\"]}]},{\"@type\":\"BreadcrumbList\",\"@id\":\"http:\/\/lateralbranding.com\/ca\/#breadcrumb\",\"itemListElement\":[{\"@type\":\"ListItem\",\"position\":1,\"name\":\"Portada\",\"item\":\"http:\/\/lateralbranding.com\/ca\/\"},{\"@type\":\"ListItem\",\"position\":2,\"name\":\"P\u00e1gina principal\"}]},{\"@type\":\"WebSite\",\"@id\":\"https:\/\/lateralbranding.com\/ca\/#website\",\"url\":\"https:\/\/lateralbranding.com\/ca\/\",\"name\":\"Lateral Branding\",\"description\":\"\",\"publisher\":{\"@id\":\"https:\/\/lateralbranding.com\/ca\/#organization\"},\"potentialAction\":[{\"@type\":\"SearchAction\",\"target\":{\"@type\":\"EntryPoint\",\"urlTemplate\":\"https:\/\/lateralbranding.com\/ca\/?s={search_term_string}\"},\"query-input\":{\"@type\":\"PropertyValueSpecification\",\"valueRequired\":true,\"valueName\":\"search_term_string\"}}],\"inLanguage\":\"ca\"},{\"@type\":\"Organization\",\"@id\":\"https:\/\/lateralbranding.com\/ca\/#organization\",\"name\":\"Lateral Branding\",\"url\":\"https:\/\/lateralbranding.com\/ca\/\",\"logo\":{\"@type\":\"ImageObject\",\"inLanguage\":\"ca\",\"@id\":\"https:\/\/lateralbranding.com\/ca\/#\/schema\/logo\/image\/\",\"url\":\"http:\/\/lateralbranding.com\/wp-content\/uploads\/logo-lateralbranding.png\",\"contentUrl\":\"http:\/\/lateralbranding.com\/wp-content\/uploads\/logo-lateralbranding.png\",\"width\":400,\"height\":60,\"caption\":\"Lateral Branding\"},\"image\":{\"@id\":\"https:\/\/lateralbranding.com\/ca\/#\/schema\/logo\/image\/\"}}]}<\/script>\n<!-- \/ Yoast SEO plugin. -->","yoast_head_json":{"title":"Lateral Branding - Construimos Identidad de marca","description":"En LATERAL BRANDING construimos identidad de marca desde la estrategia, la conceptualizaci\u00f3n y el dise\u00f1o. Convertimos el posicionamiento en una experiencia real para el consumidor, a partir del dise\u00f1o de cualquier soporte capaz de expresar con eficacia el valor diferencial de la marca: su propia plasmaci\u00f3n visual y la de sus productos y sus materiales de comunicaci\u00f3n.","robots":{"index":"index","follow":"follow","max-snippet":"max-snippet:-1","max-image-preview":"max-image-preview:large","max-video-preview":"max-video-preview:-1"},"canonical":"http:\/\/lateralbranding.com\/ca\/","og_locale":"ca_ES","og_type":"article","og_title":"Lateral Branding - Construimos Identidad de marca","og_description":"En LATERAL BRANDING construimos identidad de marca desde la estrategia, la conceptualizaci\u00f3n y el dise\u00f1o. Convertimos el posicionamiento en una experiencia real para el consumidor, a partir del dise\u00f1o de cualquier soporte capaz de expresar con eficacia el valor diferencial de la marca: su propia plasmaci\u00f3n visual y la de sus productos y sus materiales de comunicaci\u00f3n.","og_url":"http:\/\/lateralbranding.com\/ca\/","og_site_name":"Lateral Branding","article_modified_time":"2023-10-16T15:10:36+00:00","twitter_card":"summary_large_image","twitter_misc":{"Temps estimat de lectura":"1 minut"},"schema":{"@context":"https:\/\/schema.org","@graph":[{"@type":"WebPage","@id":"http:\/\/lateralbranding.com\/ca\/","url":"http:\/\/lateralbranding.com\/ca\/","name":"Lateral Branding - Construimos Identidad de marca","isPartOf":{"@id":"https:\/\/lateralbranding.com\/ca\/#website"},"datePublished":"2022-03-31T07:48:04+00:00","dateModified":"2023-10-16T15:10:36+00:00","description":"En LATERAL BRANDING construimos identidad de marca desde la estrategia, la conceptualizaci\u00f3n y el dise\u00f1o. Convertimos el posicionamiento en una experiencia real para el consumidor, a partir del dise\u00f1o de cualquier soporte capaz de expresar con eficacia el valor diferencial de la marca: su propia plasmaci\u00f3n visual y la de sus productos y sus materiales de comunicaci\u00f3n.","breadcrumb":{"@id":"http:\/\/lateralbranding.com\/ca\/#breadcrumb"},"inLanguage":"ca","potentialAction":[{"@type":"ReadAction","target":["http:\/\/lateralbranding.com\/ca\/"]}]},{"@type":"BreadcrumbList","@id":"http:\/\/lateralbranding.com\/ca\/#breadcrumb","itemListElement":[{"@type":"ListItem","position":1,"name":"Portada","item":"http:\/\/lateralbranding.com\/ca\/"},{"@type":"ListItem","position":2,"name":"P\u00e1gina principal"}]},{"@type":"WebSite","@id":"https:\/\/lateralbranding.com\/ca\/#website","url":"https:\/\/lateralbranding.com\/ca\/","name":"Lateral Branding","description":"","publisher":{"@id":"https:\/\/lateralbranding.com\/ca\/#organization"},"potentialAction":[{"@type":"SearchAction","target":{"@type":"EntryPoint","urlTemplate":"https:\/\/lateralbranding.com\/ca\/?s={search_term_string}"},"query-input":{"@type":"PropertyValueSpecification","valueRequired":true,"valueName":"search_term_string"}}],"inLanguage":"ca"},{"@type":"Organization","@id":"https:\/\/lateralbranding.com\/ca\/#organization","name":"Lateral Branding","url":"https:\/\/lateralbranding.com\/ca\/","logo":{"@type":"ImageObject","inLanguage":"ca","@id":"https:\/\/lateralbranding.com\/ca\/#\/schema\/logo\/image\/","url":"http:\/\/lateralbranding.com\/wp-content\/uploads\/logo-lateralbranding.png","contentUrl":"http:\/\/lateralbranding.com\/wp-content\/uploads\/logo-lateralbranding.png","width":400,"height":60,"caption":"Lateral Branding"},"image":{"@id":"https:\/\/lateralbranding.com\/ca\/#\/schema\/logo\/image\/"}}]}},"_links":{"self":[{"href":"http:\/\/lateralbranding.com\/ca\/wp-json\/wp\/v2\/pages\/428","targetHints":{"allow":["GET"]}}],"collection":[{"href":"http:\/\/lateralbranding.com\/ca\/wp-json\/wp\/v2\/pages"}],"about":[{"href":"http:\/\/lateralbranding.com\/ca\/wp-json\/wp\/v2\/types\/page"}],"author":[{"embeddable":true,"href":"http:\/\/lateralbranding.com\/ca\/wp-json\/wp\/v2\/users\/1"}],"replies":[{"embeddable":true,"href":"http:\/\/lateralbranding.com\/ca\/wp-json\/wp\/v2\/comments?post=428"}],"version-history":[{"count":0,"href":"http:\/\/lateralbranding.com\/ca\/wp-json\/wp\/v2\/pages\/428\/revisions"}],"wp:attachment":[{"href":"http:\/\/lateralbranding.com\/ca\/wp-json\/wp\/v2\/media?parent=428"}],"curies":[{"name":"wp","href":"https:\/\/api.w.org\/{rel}","templated":true}]}}