{"id":430,"date":"2022-03-30T09:27:15","date_gmt":"2022-03-30T09:27:15","guid":{"rendered":"http:\/\/lateralbranding.com\/?page_id=430"},"modified":"2023-10-17T09:50:52","modified_gmt":"2023-10-17T09:50:52","slug":"politica-de-privacitat","status":"publish","type":"page","link":"http:\/\/lateralbranding.com\/ca\/politica-de-privacitat\/","title":{"rendered":"pol\u00edtica de privacitat"},"content":{"rendered":"\n<h2>\u00a0<\/h2>\n<h2>Generalitats<\/h2>\n<p>Atenent la normativa de protecci\u00f3 de dades personals segons amb el que disposa el Reglament (UE) 2016\/679 del Parlament Europeu i del Consell de 27 d&#8217;abril de 2016 relatiu a la protecci\u00f3 de les persones f\u00edsiques (d&#8217;ara endavant, RGPD) i en la normativa estatal, Llei Org\u00e0nica 3\/2018 de Protecci\u00f3 de Dades i Garantia de Drets Digitals (en endavant, LOPDGDD), per a complir amb el deure d&#8217;informaci\u00f3 que exigeix la legislaci\u00f3 referenciada, Lateral Branding S.L. informa els interessats (en endavant, els Usuaris) de la seva Pol\u00edtica de Privacitat i de tractament de dades personals que efectua. Aquest apartat t\u00e9 com a finalitat explicar la nostra Pol\u00edtica de Privacitat i detallar la informaci\u00f3 relativa al tractament de les dades personals i als drets que poden exercir els Usuaris per mantenir el control sobre les seves dades. Data d&#8217;actualitzaci\u00f3: octubre 2023<\/p>\n<h2>Responsable del tractament<\/h2>\n<p>L&#8217;operador de la p\u00e0gina web i responsable del tractament de dades \u00e9s:<br \/>Ra\u00f3 social: Lateral Branding S.L<br \/>NIF: B65388290<br \/>Domicili: Carrer Pau Claris, 106, 1-1. 08009 Barcelona<br \/>Tel\u00e8fon: 933 435 804<br \/>Correu electr\u00f2nic: info@lateralbranding.com<br \/>Nom de domini: lateralbranding.com<br \/>Sector: Serveis empresarials. Lateral Branding S.L. \u00e9s una empresa de branding especialitzada en el disseny de packaging.<\/p>\n<h2>Tractament de dades<\/h2>\n<p>L&#8217;usuari del Lloc Web pot navegar sense necessitat de proporcionar dades personals. No obstant aix\u00f2, les dades de car\u00e0cter personal que es puguin demanar directament de l&#8217;Usuari seran tractades de forma confidencial i quedaran incorporades a la corresponent activitat de tractament titularitat de Lateral Branding S.L. En funci\u00f3 del context i finalitat per a la qual, en cada cas, l&#8217;Usuari hagi facilitat les seves dades, aquestes seran tractades per:<\/p>\n<table>\n<tbody>\n<tr>\n<td><b>Finalitat del tractament<\/b><\/td>\n<td><b>Base legal<\/b><\/td>\n<td><b>Destinataris<\/b><\/td>\n<td><b>Termini de conservaci\u00f3<\/b><\/td>\n<\/tr>\n<tr>\n<td><span style=\"font-weight: 400;\">Contactar amb el remitent de la informaci\u00f3, donar resposta a la seva sol\u00b7licitud, petici\u00f3 o consulta i fer un seguiment posterior.<\/span><\/td>\n<td><span style=\"font-weight: 400;\">Inter\u00e8s leg\u00edtim per atendre els requeriments d&#8217;informaci\u00f3 a trav\u00e9s dels canals de comunicaci\u00f3. Consentiment dels interessats.<\/span><\/td>\n<td><span style=\"font-weight: 400;\">No es preveu la\u00a0 cessi\u00f3 de dades a tercers, excepte obligaci\u00f3 legal o de l&#8217;execuci\u00f3 del propi contracte de prestaci\u00f3 de serveis. No es realitzaran\u00a0 transfer\u00e8ncies\u00a0 internacionals.<\/span><\/td>\n<td><span style=\"font-weight: 400;\">Fins a la resoluci\u00f3 de la seva sol\u00b7licitud d&#8217;informaci\u00f3 o mentre perduri la relaci\u00f3 comercial.<\/span> <span style=\"font-weight: 400;\">\u00a0<\/span><\/td>\n<\/tr>\n<tr>\n<td><span style=\"font-weight: 400;\">Gestionar i controlar la cartera de clients i\u00a0 prove\u00efdors<\/span> <span style=\"font-weight: 400;\">\u00a0<\/span><\/td>\n<td><span style=\"font-weight: 400;\">Relaci\u00f3 contractual per a l&#8217;execuci\u00f3 d&#8217;un\u00a0 contracte. Inter\u00e8s leg\u00edtim.\u00a0<\/span><\/td>\n<td><span style=\"font-weight: 400;\">No es preveu la cessi\u00f3 de dades a tercers, excepte obligaci\u00f3 legal o de l&#8217;execuci\u00f3 del propi contracte de prestaci\u00f3 de serveis. No es realitzaran\u00a0 transfer\u00e8ncies internacionals.<\/span><\/td>\n<td><span style=\"font-weight: 400;\">Mentre perduri la relaci\u00f3 contractual per a l&#8217;execuci\u00f3 d&#8217;un contracte.<\/span><\/td>\n<\/tr>\n<tr>\n<td><span style=\"font-weight: 400;\">Gesti\u00f3 fiscal, comptable mercantil i jur\u00eddic<\/span><\/td>\n<td><span style=\"font-weight: 400;\">Obligaci\u00f3 legal del responsable<\/span><\/td>\n<td><span style=\"font-weight: 400;\">No es cedeixen dades a tercers, excepte obligacions legals. No es realitzaran transfer\u00e8ncies internacionals.<\/span><\/td>\n<td><span style=\"font-weight: 400;\">Durant el temps necessari per resposta i per donar compliment als terminis legals previstos per atendre eventuals responsabilitats<\/span><\/td>\n<\/tr>\n<tr>\n<td><span style=\"font-weight: 400;\">Prestaci\u00f3 de serveis i comercialitzaci\u00f3 de productes: Oferir serveis, productes i activitats perqu\u00e8 puguem cotitzar, prestar, gestionar i executar els serveis<\/span><\/td>\n<td><span style=\"font-weight: 400;\">Inter\u00e8s leg\u00edtim per atendre els requeriments d&#8217;informaci\u00f3 a trav\u00e9s dels canals de comunicaci\u00f3.\u00a0 Consentiment dels interessats.<\/span><\/td>\n<td><span style=\"font-weight: 400;\">No es preveu la cessi\u00f3 de dades a tercers, excepte obligaci\u00f3 legal o de l&#8217;execuci\u00f3 del propi contracte de prestaci\u00f3 de serveis. No es realitzaran\u00a0 transfer\u00e8ncies internacionals.<\/span><\/td>\n<td><span style=\"font-weight: 400;\">Fins a la resoluci\u00f3 de la seva sol\u00b7licitud d&#8217;informaci\u00f3 o mentre perduri la relaci\u00f3 comercial.<\/span><\/td>\n<\/tr>\n<tr>\n<td><span style=\"font-weight: 400;\">Comunicacions comercials\u00a0<\/span><\/td>\n<td><span style=\"font-weight: 400;\">Consentiment de l&#8217;interessat.Inter\u00e8s leg\u00edtim.<\/span><\/td>\n<td><span style=\"font-weight: 400;\">No se cedeixen dades a tercers, excepte obligacions legals. No es realitzaran transfer\u00e8ncies internacionals.<\/span><\/td>\n<td><span style=\"font-weight: 400;\">Es conservaran durant el temps necessari per complir amb la finalitat per a la qual es van demanar o fins que l&#8217;usuari revoqui el seu consentiment<\/span><\/td>\n<\/tr>\n<tr>\n<td><span style=\"font-weight: 400;\">Gesti\u00f3 de l&#8217;exercici dels drets dels Usuaris\u00a0<\/span><\/td>\n<td><span style=\"font-weight: 400;\">Obligaci\u00f3 legal del responsable<\/span><\/td>\n<td><span style=\"font-weight: 400;\">No es cedeixen dades a tercers, excepte obligacions legals. No es realitzaran transfer\u00e8ncies internacionals.<\/span><\/td>\n<td><span style=\"font-weight: 400;\">Durant el temps necessari per resposta i per donar compliment als terminis legals previstos per atendre eventuals responsabilitats<\/span><\/td>\n<\/tr>\n<\/tbody>\n<\/table>\n<h2>\u00a0<\/h2>\n<h2>Obtenci\u00f3 de les dades<\/h2>\n<p>Les dades personals que tractem a Lateral Branding S.L. es recullen a trav\u00e9s de la informaci\u00f3 que ens facilita l&#8217;usuari, de forma lliure i volunt\u00e0ria, a trav\u00e9s dels mitjans que posem a la seva disposici\u00f3 en el present lloc web, o b\u00e9, a trav\u00e9s d&#8217;el contracte de prestaci\u00f3 de serveis o d&#8217;Encarregat de Tractament. Les categories de dades que es tracten s\u00f3n: dades identificatives (nom i, si escau, cognoms) i l&#8217;adre\u00e7a de correu electr\u00f2nic i \/ o tel\u00e8fon (depenent de el mitj\u00e0 utilitzat), adre\u00e7a postal, informaci\u00f3 comercial, dades econ\u00f2miques, aix\u00ed com qualsevol una altra que incloguis en les comunicacions que ens remetis. No es tracten dades especialment protegides.<\/p>\n<h2>Informaci\u00f3 necess\u00e0ria, actualitzada i veracitat de les dades<\/h2>\n<p>Quan l&#8217;usuari ens proporciona les seves dades per utilitzar els nostres serveis, garanteix que les dades i informaci\u00f3 facilitada \u00e9s real, vera\u00e7, actualitzada i de la seva pertinen\u00e7a. A m\u00e9s, es prega que els usuaris notifiquin qualsevol rectificaci\u00f3 o modificaci\u00f3 que es produeixi en les dades facilitades al m\u00e9s aviat possible, responent en qualsevol cas de la veracitat i exactitud de les dades subministrades en cada moment, perqu\u00e8 la informaci\u00f3 facilitada estigui sempre actualitzada i no contingui errors, per a aix\u00f2 els usuaris poden contactar a trav\u00e9s de la seg\u00fcent adre\u00e7a d&#8217;un correu electr\u00f2nic a l&#8217;adre\u00e7a: info@lateralbranding.com<\/p>\n<h2>Drets dels usuaris<\/h2>\n<p>Qualsevol persona t\u00e9 dret a obtenir confirmaci\u00f3 sobre si a Lateral Branding S.L. estem tractant les seves dades personals. Les persones interessades tenen dret a accedir a les seves dades personals, aix\u00ed com a sol\u00b7licitar la rectificaci\u00f3 de les dades inexactes o, si escau, sol\u00b7licitar la seva supressi\u00f3 quan, entre d&#8217;altres motius, les dades ja no siguin necessaris per als fins per als quals van ser recollits. A continuaci\u00f3, es detallen els drets reconeguts en la normativa vigent i la via per poder exercir els mateixos:<\/p>\n<table>\n<tbody>\n<tr>\n<td><b>Dret<\/b><\/td>\n<td><b>Qu\u00e8 vol dir?<\/b><\/td>\n<\/tr>\n<tr>\n<td><span style=\"font-weight: 400;\">Dret d&#8217;acc\u00e9s<\/span><\/td>\n<td><span style=\"font-weight: 400;\">T\u00e9 dret a accedir a les seves dades personals. L&#8217;interessat t\u00e9 dret a obtenir del responsable del tractament, la confirmaci\u00f3 de si s&#8217;estan tractant o no les dades que li interessen, aix\u00ed com informaci\u00f3 detallada sobre determinats aspectes del tractament que s&#8217;est\u00e0 duent a terme.<\/span><\/td>\n<\/tr>\n<tr>\n<td><span style=\"font-weight: 400;\">Dret a la rectificaci\u00f3<\/span><\/td>\n<td><span style=\"font-weight: 400;\">L&#8217;interessat t\u00e9 dret a obtenir la rectificaci\u00f3 de les dades personals inexactes que puguin existir, o b\u00e9, que es completin les que fossin incompletes o inexactes.<\/span><\/td>\n<\/tr>\n<tr>\n<td><span style=\"font-weight: 400;\">Dret a la supressi\u00f3<\/span><\/td>\n<td><span style=\"font-weight: 400;\">Tamb\u00e9 es coneix com &#8220;el dret a ser oblidat&#8221; i, en termes senzills, li permet sol\u00b7licitar la supressi\u00f3 o eliminaci\u00f3 de les seves dades personals quan no hi hagi un motiu per seguir utilitzant-lo, en tot cas, la supressi\u00f3 estar\u00e0 subjecte a els l\u00edmits establerts en la norma reguladora.<\/span><\/td>\n<\/tr>\n<tr>\n<td><span style=\"font-weight: 400;\">Dret a limitaci\u00f3 al tractament<\/span><\/td>\n<td><span style=\"font-weight: 400;\">L&#8217;interessat t\u00e9 dret a sol\u00b7licitar la limitaci\u00f3 pel que fa a el tractament de les seves dades de car\u00e0cter personal. T\u00e9 dret a &#8220;bloquejar&#8221; o suprimir l&#8217;\u00fas posterior de les seves dades personals. En determinades circumst\u00e0ncies, els interessats podran sol\u00b7licitar la limitaci\u00f3 del tractament de les seves dades, en aquest cas \u00fanicament els conservarem per a l&#8217;exercici o la defensa de reclamacions.\u00a0<\/span><\/td>\n<\/tr>\n<tr>\n<td><span style=\"font-weight: 400;\">Dret a la portabilitat de dades<\/span><\/td>\n<td><span style=\"font-weight: 400;\">T\u00e9 dret a obtenir i reutilitzar les seves dades personals per a les seves pr\u00f2pies fins a diferents serveis. \u00c9s a dir, tindr\u00e0 dret a rebre les dades personals que hagi facilitat a un responsable del tractament, en un format estructurat, d&#8217;\u00fas com\u00fa i lectura mec\u00e0nica i per transmetre a un altre responsable del tractament. Dret a obtenir les seves dades personals en un format estructurat, com\u00fa i llegible.<\/span><\/td>\n<\/tr>\n<tr>\n<td><span style=\"font-weight: 400;\">Dret a oposar-se al processament<\/span><\/td>\n<td><span style=\"font-weight: 400;\">En determinades circumst\u00e0ncies, i per motius relacionats amb la seva situaci\u00f3 particular, els interessats podran oposar-se a el tractament de les seves dades. L&#8217;empresa deixar\u00e0 de tractar les dades, excepte per motius leg\u00edtims, imperiosos, o l&#8217;exercici o la defensa de possibles reclams. No obstant aix\u00f2, t\u00e9 dret a oposar-se a el processament amb fins de m\u00e0rqueting directe.<\/span><\/td>\n<\/tr>\n<tr>\n<td><span style=\"font-weight: 400;\">Dret a retirar el\u00a0<\/span> <span style=\"font-weight: 400;\">consentiment<\/span> <span style=\"font-weight: 400;\">\u00a0<\/span><\/td>\n<td><span style=\"font-weight: 400;\">En cas que l&#8217;interessat hagi atorgat el consentiment per al tractament de les seves dades personals, t\u00e9 dret a retirar-lo en qualsevol moment.<\/span><\/td>\n<\/tr>\n<\/tbody>\n<\/table>\n<h2>\u00a0<\/h2>\n<h2>Exercici dels drets<\/h2>\n<p>L&#8217;Usuari podr\u00e0 exercir els drets esmentats en qualsevol moment dirigint-se a Lateral Branding S.L. com a responsable del tractament, presentant un escrit, juntament amb la seva acreditaci\u00f3 d&#8217;identitat, a l&#8217;adre\u00e7a postal: Carrer Pau Claris, 106, 1-1. 08009 Barcelona, o b\u00e9, a trav\u00e9s del seg\u00fcent correu electr\u00f2nic: info@lateralbranding.com establint en el &#8220;Assumpte&#8221; el dret exercitat. Podeu obtenir m\u00e9s informaci\u00f3 a la Guia per al Ciutad\u00e0 editada per l&#8217;AEPD mitjan\u00e7ant accedint aqu\u00ed: https:\/\/www.aepd.es\/es<\/p>\n<h2>Mesures de seguretat<\/h2>\n<p>Lateral Branding S.L. ha adoptat els nivells de seguretat legalment requerits, i es procura instal\u00b7lar aquells altres mitjans i mesures t\u00e8cniques addicionals al seu abast per evitar la p\u00e8rdua, mal \u00fas, alteraci\u00f3, acc\u00e9s no autoritzat i robatori de les dades personals facilitades.<\/p>\n<h2>Galetes<\/h2>\n<p>Aquest lloc web pot fer \u00fas de galetes. En aquest cas, s&#8217;ha d&#8217;advertir als usuaris per demanar l&#8217;oport\u00fa consentiment i oferir eines de gesti\u00f3. En cap cas les galetes o altres mitjans de naturalesa an\u00e0loga serviran per emmagatzemar informaci\u00f3 que permeti identificar la persona f\u00edsica usu\u00e0ria del lloc web. Per a m\u00e9s informaci\u00f3, consulteu l&#8217;apartat de Pol\u00edtica de Cookies.<\/p>\n<h2>Modificaci\u00f3 de la Pol\u00edtica de Privacitat<\/h2>\n<p>Lateral Branding S.L. es reserva el dret a modificar la seva Pol\u00edtica de Privacitat en qualsevol moment. La modificaci\u00f3 de la Pol\u00edtica de Privacitat estar\u00e0 disponible per als usuaris i ser\u00e0 d&#8217;aplicaci\u00f3 des del moment de la seva publicaci\u00f3 en el Lloc Web.<\/p>\n<h2>\u00d2rgan tutelar<\/h2>\n<p>Si considera que els seus drets no s&#8217;han at\u00e8s adequadament, t\u00e9 dret a presentar una reclamaci\u00f3 davant l&#8217;Ag\u00e8ncia Espanyola de Protecci\u00f3 de Dades (en endavant, AEPD) dirigint-se a: C \/. Jorge Juan, 6, 28001 Madrid, o b\u00e9, accedint al seu portal a: www.agpd.es<\/p>\n","protected":false},"excerpt":{"rendered":"<p>\u00a0 Generalitats Atenent la normativa de protecci\u00f3 de dades personals segons amb el que disposa el Reglament (UE) 2016\/679 del Parlament Europeu i del Consell de 27 d&#8217;abril de 2016 &hellip;<\/p>\n","protected":false},"author":1,"featured_media":0,"parent":0,"menu_order":0,"comment_status":"closed","ping_status":"closed","template":"","meta":{"_acf_changed":false,"footnotes":""},"class_list":["post-430","page","type-page","status-publish","hentry"],"acf":[],"yoast_head":"<!-- This site is optimized with the Yoast SEO plugin v25.9 - https:\/\/yoast.com\/wordpress\/plugins\/seo\/ -->\n<title>pol\u00edtica de privacitat - Lateral Branding<\/title>\n<meta name=\"description\" content=\"\u00a0 Generalitats Atenent la normativa de protecci\u00f3 de dades personals segons amb el que disposa el Reglament (UE) 2016\/679 del Parlament Europeu i del\" \/>\n<meta name=\"robots\" content=\"index, follow, max-snippet:-1, max-image-preview:large, max-video-preview:-1\" \/>\n<link rel=\"canonical\" href=\"http:\/\/lateralbranding.com\/ca\/politica-de-privacitat\/\" \/>\n<meta property=\"og:locale\" content=\"ca_ES\" \/>\n<meta property=\"og:type\" content=\"article\" \/>\n<meta property=\"og:title\" content=\"pol\u00edtica de privacitat - Lateral Branding\" \/>\n<meta property=\"og:description\" content=\"\u00a0 Generalitats Atenent la normativa de protecci\u00f3 de dades personals segons amb el que disposa el Reglament (UE) 2016\/679 del Parlament Europeu i del\" \/>\n<meta property=\"og:url\" content=\"http:\/\/lateralbranding.com\/ca\/politica-de-privacitat\/\" \/>\n<meta property=\"og:site_name\" content=\"Lateral Branding\" \/>\n<meta property=\"article:modified_time\" content=\"2023-10-17T09:50:52+00:00\" \/>\n<meta name=\"twitter:card\" content=\"summary_large_image\" \/>\n<meta name=\"twitter:label1\" content=\"Temps estimat de lectura\" \/>\n\t<meta name=\"twitter:data1\" content=\"8 minuts\" \/>\n<script type=\"application\/ld+json\" class=\"yoast-schema-graph\">{\"@context\":\"https:\/\/schema.org\",\"@graph\":[{\"@type\":\"WebPage\",\"@id\":\"http:\/\/lateralbranding.com\/ca\/politica-de-privacitat\/\",\"url\":\"http:\/\/lateralbranding.com\/ca\/politica-de-privacitat\/\",\"name\":\"pol\u00edtica de privacitat - Lateral Branding\",\"isPartOf\":{\"@id\":\"https:\/\/lateralbranding.com\/ca\/#website\"},\"datePublished\":\"2022-03-30T09:27:15+00:00\",\"dateModified\":\"2023-10-17T09:50:52+00:00\",\"description\":\"\u00a0 Generalitats Atenent la normativa de protecci\u00f3 de dades personals segons amb el que disposa el Reglament (UE) 2016\/679 del Parlament Europeu i del\",\"breadcrumb\":{\"@id\":\"http:\/\/lateralbranding.com\/ca\/politica-de-privacitat\/#breadcrumb\"},\"inLanguage\":\"ca\",\"potentialAction\":[{\"@type\":\"ReadAction\",\"target\":[\"http:\/\/lateralbranding.com\/ca\/politica-de-privacitat\/\"]}]},{\"@type\":\"BreadcrumbList\",\"@id\":\"http:\/\/lateralbranding.com\/ca\/politica-de-privacitat\/#breadcrumb\",\"itemListElement\":[{\"@type\":\"ListItem\",\"position\":1,\"name\":\"Portada\",\"item\":\"https:\/\/lateralbranding.com\/ca\/\"},{\"@type\":\"ListItem\",\"position\":2,\"name\":\"pol\u00edtica de privacitat\"}]},{\"@type\":\"WebSite\",\"@id\":\"https:\/\/lateralbranding.com\/ca\/#website\",\"url\":\"https:\/\/lateralbranding.com\/ca\/\",\"name\":\"Lateral Branding\",\"description\":\"\",\"publisher\":{\"@id\":\"https:\/\/lateralbranding.com\/ca\/#organization\"},\"potentialAction\":[{\"@type\":\"SearchAction\",\"target\":{\"@type\":\"EntryPoint\",\"urlTemplate\":\"https:\/\/lateralbranding.com\/ca\/?s={search_term_string}\"},\"query-input\":{\"@type\":\"PropertyValueSpecification\",\"valueRequired\":true,\"valueName\":\"search_term_string\"}}],\"inLanguage\":\"ca\"},{\"@type\":\"Organization\",\"@id\":\"https:\/\/lateralbranding.com\/ca\/#organization\",\"name\":\"Lateral Branding\",\"url\":\"https:\/\/lateralbranding.com\/ca\/\",\"logo\":{\"@type\":\"ImageObject\",\"inLanguage\":\"ca\",\"@id\":\"https:\/\/lateralbranding.com\/ca\/#\/schema\/logo\/image\/\",\"url\":\"http:\/\/lateralbranding.com\/wp-content\/uploads\/logo-lateralbranding.png\",\"contentUrl\":\"http:\/\/lateralbranding.com\/wp-content\/uploads\/logo-lateralbranding.png\",\"width\":400,\"height\":60,\"caption\":\"Lateral Branding\"},\"image\":{\"@id\":\"https:\/\/lateralbranding.com\/ca\/#\/schema\/logo\/image\/\"}}]}<\/script>\n<!-- \/ Yoast SEO plugin. -->","yoast_head_json":{"title":"pol\u00edtica de privacitat - Lateral Branding","description":"\u00a0 Generalitats Atenent la normativa de protecci\u00f3 de dades personals segons amb el que disposa el Reglament (UE) 2016\/679 del Parlament Europeu i del","robots":{"index":"index","follow":"follow","max-snippet":"max-snippet:-1","max-image-preview":"max-image-preview:large","max-video-preview":"max-video-preview:-1"},"canonical":"http:\/\/lateralbranding.com\/ca\/politica-de-privacitat\/","og_locale":"ca_ES","og_type":"article","og_title":"pol\u00edtica de privacitat - Lateral Branding","og_description":"\u00a0 Generalitats Atenent la normativa de protecci\u00f3 de dades personals segons amb el que disposa el Reglament (UE) 2016\/679 del Parlament Europeu i del","og_url":"http:\/\/lateralbranding.com\/ca\/politica-de-privacitat\/","og_site_name":"Lateral Branding","article_modified_time":"2023-10-17T09:50:52+00:00","twitter_card":"summary_large_image","twitter_misc":{"Temps estimat de lectura":"8 minuts"},"schema":{"@context":"https:\/\/schema.org","@graph":[{"@type":"WebPage","@id":"http:\/\/lateralbranding.com\/ca\/politica-de-privacitat\/","url":"http:\/\/lateralbranding.com\/ca\/politica-de-privacitat\/","name":"pol\u00edtica de privacitat - Lateral Branding","isPartOf":{"@id":"https:\/\/lateralbranding.com\/ca\/#website"},"datePublished":"2022-03-30T09:27:15+00:00","dateModified":"2023-10-17T09:50:52+00:00","description":"\u00a0 Generalitats Atenent la normativa de protecci\u00f3 de dades personals segons amb el que disposa el Reglament (UE) 2016\/679 del Parlament Europeu i del","breadcrumb":{"@id":"http:\/\/lateralbranding.com\/ca\/politica-de-privacitat\/#breadcrumb"},"inLanguage":"ca","potentialAction":[{"@type":"ReadAction","target":["http:\/\/lateralbranding.com\/ca\/politica-de-privacitat\/"]}]},{"@type":"BreadcrumbList","@id":"http:\/\/lateralbranding.com\/ca\/politica-de-privacitat\/#breadcrumb","itemListElement":[{"@type":"ListItem","position":1,"name":"Portada","item":"https:\/\/lateralbranding.com\/ca\/"},{"@type":"ListItem","position":2,"name":"pol\u00edtica de privacitat"}]},{"@type":"WebSite","@id":"https:\/\/lateralbranding.com\/ca\/#website","url":"https:\/\/lateralbranding.com\/ca\/","name":"Lateral Branding","description":"","publisher":{"@id":"https:\/\/lateralbranding.com\/ca\/#organization"},"potentialAction":[{"@type":"SearchAction","target":{"@type":"EntryPoint","urlTemplate":"https:\/\/lateralbranding.com\/ca\/?s={search_term_string}"},"query-input":{"@type":"PropertyValueSpecification","valueRequired":true,"valueName":"search_term_string"}}],"inLanguage":"ca"},{"@type":"Organization","@id":"https:\/\/lateralbranding.com\/ca\/#organization","name":"Lateral Branding","url":"https:\/\/lateralbranding.com\/ca\/","logo":{"@type":"ImageObject","inLanguage":"ca","@id":"https:\/\/lateralbranding.com\/ca\/#\/schema\/logo\/image\/","url":"http:\/\/lateralbranding.com\/wp-content\/uploads\/logo-lateralbranding.png","contentUrl":"http:\/\/lateralbranding.com\/wp-content\/uploads\/logo-lateralbranding.png","width":400,"height":60,"caption":"Lateral Branding"},"image":{"@id":"https:\/\/lateralbranding.com\/ca\/#\/schema\/logo\/image\/"}}]}},"_links":{"self":[{"href":"http:\/\/lateralbranding.com\/ca\/wp-json\/wp\/v2\/pages\/430","targetHints":{"allow":["GET"]}}],"collection":[{"href":"http:\/\/lateralbranding.com\/ca\/wp-json\/wp\/v2\/pages"}],"about":[{"href":"http:\/\/lateralbranding.com\/ca\/wp-json\/wp\/v2\/types\/page"}],"author":[{"embeddable":true,"href":"http:\/\/lateralbranding.com\/ca\/wp-json\/wp\/v2\/users\/1"}],"replies":[{"embeddable":true,"href":"http:\/\/lateralbranding.com\/ca\/wp-json\/wp\/v2\/comments?post=430"}],"version-history":[{"count":0,"href":"http:\/\/lateralbranding.com\/ca\/wp-json\/wp\/v2\/pages\/430\/revisions"}],"wp:attachment":[{"href":"http:\/\/lateralbranding.com\/ca\/wp-json\/wp\/v2\/media?parent=430"}],"curies":[{"name":"wp","href":"https:\/\/api.w.org\/{rel}","templated":true}]}}