{"id":407,"date":"2022-06-28T10:09:25","date_gmt":"2022-06-28T10:09:25","guid":{"rendered":"http:\/\/lateralbranding.com\/politica-de-cookies\/"},"modified":"2023-10-17T09:59:27","modified_gmt":"2023-10-17T09:59:27","slug":"politica-de-cookies","status":"publish","type":"page","link":"http:\/\/lateralbranding.com\/en\/politica-de-cookies\/","title":{"rendered":"pol\u00edtica de cookies"},"content":{"rendered":"<div class=\"cli_pg_page_contaner\">\n<p>Esta pol\u00edtica de cookies explica qu\u00e9 son las cookies y c\u00f3mo las usamos. Debe leer esta pol\u00edtica para comprender qu\u00e9 son las cookies, c\u00f3mo las usamos, los tipos de cookies que usamos, es decir, la informaci\u00f3n que recopilamos usando cookies y c\u00f3mo se usa esa informaci\u00f3n y c\u00f3mo controlar las preferencias de cookies. Para obtener m\u00e1s informaci\u00f3n sobre c\u00f3mo usamos, almacenamos y mantenemos seguros sus datos personales, consulte nuestra Pol\u00edtica de privacidad. En cualquier momento puede cambiar o retirar su consentimiento de la Declaraci\u00f3n de cookies en nuestro sitio web. Obtenga m\u00e1s informaci\u00f3n sobre qui\u00e9nes somos, c\u00f3mo puede contactarnos y c\u00f3mo procesamos los datos personales en nuestra Pol\u00edtica de privacidad. Su consentimiento se aplica a los siguientes dominios: dev.lateralbranding.com.emfasi.es<\/p>\n<h3><span style=\"color: revert; font-size: revert; font-weight: revert;\">\u00bfqu\u00e9 son las cookies?<\/span><\/h3>\n<\/div>\n<div class=\"cli_pg_page_contaner\">\n<p>Las cookies son peque\u00f1os archivos de texto que se utilizan para almacenar peque\u00f1os fragmentos de informaci\u00f3n. Las cookies se almacenan en su dispositivo cuando el sitio web se carga en su navegador. Estas cookies nos ayudan a hacer que el sitio web funcione correctamente, hacer que el sitio web sea m\u00e1s seguro, brindar una mejor experiencia de usuario y comprender c\u00f3mo funciona el sitio web y analizar qu\u00e9 funciona y d\u00f3nde necesita mejorar.<\/p>\n<div><\/div>\n<h3>\u00bfc\u00f3mo usamos las cookies?<\/h3>\n<p>Como la mayor\u00eda de los servicios en l\u00ednea, nuestro sitio web utiliza cookies propias y de terceros para una serie de prop\u00f3sitos. Las cookies de origen son en su mayor\u00eda necesarias para que el sitio web funcione correctamente y no recopilan ninguno de sus datos de identificaci\u00f3n personal.Las cookies de terceros utilizadas en nuestros sitios web se utilizan principalmente para comprender c\u00f3mo funciona el sitio web, c\u00f3mo interact\u00faa con nuestro sitio web, mantener nuestros servicios seguros, proporcionar anuncios que son relevantes para usted y, en general, brindarle una mejor y mejorada experiencia de usuario y ayudar a acelerar sus futuras interacciones con nuestro sitio web.<\/p>\n<div><\/div>\n<h3>\u00bfqu\u00e9 tipos de cookies utilizamos?<\/h3>\n<p>Las cookies utilizadas en nuestro sitio web se agrupan en las siguientes categor\u00edas:<div class=\"wt-cli-element cli_cookie_category_single\"><div class=\"cli_cookie_category_single\"><h5 class=\"cli_cookie_category_single_hd\">Necesary<\/h5><div class=\"cli_cookie_category_single_description\"><p>Necessary cookies are absolutely essential for the website to function properly. This category only includes cookies that ensures basic functionalities and security features of the website. These cookies do not store any personal information.<\/p><\/div><\/div><div class=\"cli_cookie_category_single\"><h5 class=\"cli_cookie_category_single_hd\">No necesary<\/h5><div class=\"cli_cookie_category_single_description\"><p>Any cookies that may not be particularly necessary for the website to function and is used specifically to collect user personal data via analytics, ads, other embedded contents are termed as non-necessary cookies. It is mandatory to procure user consent prior to running these cookies on your website.<\/p><\/div><\/div><div class=\"cli_cookie_category_single\"><h5 class=\"cli_cookie_category_single_hd\">Functional<\/h5><div class=\"cli_cookie_category_single_description\"><p>Functional cookies help to perform certain functionalities like sharing the content of the website on social media platforms, collect feedbacks, and other third-party features.\r\n<\/p><\/div><\/div><\/div><\/p>\n<p>La siguiente lista detalla las cookies utilizadas en nuestro sitio web:<\/p>\n<table class=\"wt-cli-element cookielawinfo-classic cookielawinfo-row-cat-table\"><thead><tr><th scope=\"col\" class=\"cookielawinfo-column-1\">Cookie<\/th><th scope=\"col\" class=\"cookielawinfo-column-4\">Description<\/th><\/thead><tbody><tr class=\"cookielawinfo-row-cat-title\"><th colspan=\"2\" class=\"cookielawinfo-row-cat-title-head\">Necesary<\/th><\/tr><tr class=\"cookielawinfo-row\"><td class=\"cookielawinfo-column-1\">CookieLawInfoConsent<\/td><td class=\"cookielawinfo-column-4\">CookieYes sets this cookie to record the default button state of the corresponding category and the status of CCPA. It works only in coordination with the primary cookie.<\/td><\/tr><tr class=\"cookielawinfo-row\"><td class=\"cookielawinfo-column-1\">viewed_cookie_policy<\/td><td class=\"cookielawinfo-column-4\">The cookie is set by the GDPR Cookie Consent plugin and is used to store whether or not user has consented to the use of cookies. It does not store any personal data.<\/td><\/tr><tr class=\"cookielawinfo-row\"><td class=\"cookielawinfo-column-1\">cookielawinfo-checkbox-necessary<\/td><td class=\"cookielawinfo-column-4\">This cookie is set by GDPR Cookie Consent plugin. The cookies is used to store the user consent for the cookies in the category \"Necessary\".<\/td><\/tr><tr class=\"cookielawinfo-row\"><td class=\"cookielawinfo-column-1\">cookielawinfo-checkbox-non-necessary<\/td><td class=\"cookielawinfo-column-4\">This cookie is set by GDPR Cookie Consent plugin. The cookies is used to store the user consent for the cookies in the category \"Non Necessary\".<\/td><\/tr><tr class=\"cookielawinfo-row-cat-title\"><th colspan=\"2\" class=\"cookielawinfo-row-cat-title-head\">No necesary<\/th><\/tr><tr class=\"cookielawinfo-row\"><td class=\"cookielawinfo-column-1\">test_cookie<\/td><td class=\"cookielawinfo-column-4\"><\/td><\/tr><tr class=\"cookielawinfo-row-cat-title\"><th colspan=\"2\" class=\"cookielawinfo-row-cat-title-head\">Functional<\/th><\/tr><tr class=\"cookielawinfo-row\"><td class=\"cookielawinfo-column-1\">wp-wpml_current_language<\/td><td class=\"cookielawinfo-column-4\">WordPress multilingual plugin sets this cookie to store the current language\/language settings.<\/td><\/tr><\/tbody><\/table>\n<div><\/div>\n<h3>\u00bfc\u00f3mo puedo controlar las preferencias de cookies?<\/h3>\n<p>Puede administrar sus preferencias de cookies haciendo clic en el bot\u00f3n &#8220;Configuraci\u00f3n&#8221; y habilitando o deshabilitando las categor\u00edas de cookies en la ventana emergente seg\u00fan sus preferencias.<\/p>\n<p>Si decide cambiar sus preferencias m\u00e1s tarde a trav\u00e9s de su sesi\u00f3n de navegaci\u00f3n, puede hacer clic en la pesta\u00f1a &#8220;Pol\u00edtica de privacidad y cookies&#8221; en su pantalla. Esto mostrar\u00e1 el aviso de consentimiento nuevamente, lo que le permitir\u00e1 cambiar sus preferencias o retirar su consentimiento por completo.<\/p>\n<p>Adem\u00e1s de esto, los diferentes navegadores brindan diferentes m\u00e9todos para bloquear y eliminar las cookies utilizadas por los sitios web. Puede cambiar la configuraci\u00f3n de su navegador para bloquear\/eliminar las cookies. Para obtener m\u00e1s informaci\u00f3n sobre c\u00f3mo administrar y eliminar las cookies, visite wikipedia.org, www.allaboutcookies.org.<\/p>\n<a id=\"wt-cli-settings-btn\" tabindex=\"0\" role='button' style=\"border-bottom:1px solid; text-decoration:none;\" class=\"wt-cli-element cli_settings_button\"  >set cookies<\/a>\n<\/div>\n","protected":false},"excerpt":{"rendered":"<p>Esta pol\u00edtica de cookies explica qu\u00e9 son las cookies y c\u00f3mo las usamos. Debe leer esta pol\u00edtica para comprender qu\u00e9 son las cookies, c\u00f3mo las usamos, los tipos de cookies &hellip;<\/p>\n","protected":false},"author":1,"featured_media":0,"parent":0,"menu_order":0,"comment_status":"closed","ping_status":"closed","template":"","meta":{"_acf_changed":false,"footnotes":""},"class_list":["post-407","page","type-page","status-publish","hentry"],"acf":[],"yoast_head":"<!-- This site is optimized with the Yoast SEO plugin v25.9 - https:\/\/yoast.com\/wordpress\/plugins\/seo\/ -->\n<title>pol\u00edtica de cookies - Lateral Branding<\/title>\n<meta name=\"description\" content=\"Esta pol\u00edtica de cookies explica qu\u00e9 son las cookies y c\u00f3mo las usamos. Debe leer esta pol\u00edtica para comprender qu\u00e9 son las cookies, c\u00f3mo las usamos, los\" \/>\n<meta name=\"robots\" content=\"index, follow, max-snippet:-1, max-image-preview:large, max-video-preview:-1\" \/>\n<link rel=\"canonical\" href=\"http:\/\/lateralbranding.com\/en\/politica-de-cookies\/\" \/>\n<meta property=\"og:locale\" content=\"en_US\" \/>\n<meta property=\"og:type\" content=\"article\" \/>\n<meta property=\"og:title\" content=\"pol\u00edtica de cookies - Lateral Branding\" \/>\n<meta property=\"og:description\" content=\"Esta pol\u00edtica de cookies explica qu\u00e9 son las cookies y c\u00f3mo las usamos. Debe leer esta pol\u00edtica para comprender qu\u00e9 son las cookies, c\u00f3mo las usamos, los\" \/>\n<meta property=\"og:url\" content=\"http:\/\/lateralbranding.com\/en\/politica-de-cookies\/\" \/>\n<meta property=\"og:site_name\" content=\"Lateral Branding\" \/>\n<meta property=\"article:modified_time\" content=\"2023-10-17T09:59:27+00:00\" \/>\n<meta name=\"twitter:card\" content=\"summary_large_image\" \/>\n<meta name=\"twitter:label1\" content=\"Est. reading time\" \/>\n\t<meta name=\"twitter:data1\" content=\"3 minutes\" \/>\n<script type=\"application\/ld+json\" class=\"yoast-schema-graph\">{\"@context\":\"https:\/\/schema.org\",\"@graph\":[{\"@type\":\"WebPage\",\"@id\":\"http:\/\/lateralbranding.com\/en\/politica-de-cookies\/\",\"url\":\"http:\/\/lateralbranding.com\/en\/politica-de-cookies\/\",\"name\":\"pol\u00edtica de cookies - Lateral Branding\",\"isPartOf\":{\"@id\":\"https:\/\/lateralbranding.com\/en\/#website\"},\"datePublished\":\"2022-06-28T10:09:25+00:00\",\"dateModified\":\"2023-10-17T09:59:27+00:00\",\"description\":\"Esta pol\u00edtica de cookies explica qu\u00e9 son las cookies y c\u00f3mo las usamos. Debe leer esta pol\u00edtica para comprender qu\u00e9 son las cookies, c\u00f3mo las usamos, los\",\"breadcrumb\":{\"@id\":\"http:\/\/lateralbranding.com\/en\/politica-de-cookies\/#breadcrumb\"},\"inLanguage\":\"en-US\",\"potentialAction\":[{\"@type\":\"ReadAction\",\"target\":[\"http:\/\/lateralbranding.com\/en\/politica-de-cookies\/\"]}]},{\"@type\":\"BreadcrumbList\",\"@id\":\"http:\/\/lateralbranding.com\/en\/politica-de-cookies\/#breadcrumb\",\"itemListElement\":[{\"@type\":\"ListItem\",\"position\":1,\"name\":\"Portada\",\"item\":\"http:\/\/lateralbranding.com\/en\/\"},{\"@type\":\"ListItem\",\"position\":2,\"name\":\"pol\u00edtica de cookies\"}]},{\"@type\":\"WebSite\",\"@id\":\"https:\/\/lateralbranding.com\/en\/#website\",\"url\":\"https:\/\/lateralbranding.com\/en\/\",\"name\":\"Lateral Branding\",\"description\":\"\",\"publisher\":{\"@id\":\"https:\/\/lateralbranding.com\/en\/#organization\"},\"potentialAction\":[{\"@type\":\"SearchAction\",\"target\":{\"@type\":\"EntryPoint\",\"urlTemplate\":\"https:\/\/lateralbranding.com\/en\/?s={search_term_string}\"},\"query-input\":{\"@type\":\"PropertyValueSpecification\",\"valueRequired\":true,\"valueName\":\"search_term_string\"}}],\"inLanguage\":\"en-US\"},{\"@type\":\"Organization\",\"@id\":\"https:\/\/lateralbranding.com\/en\/#organization\",\"name\":\"Lateral Branding\",\"url\":\"https:\/\/lateralbranding.com\/en\/\",\"logo\":{\"@type\":\"ImageObject\",\"inLanguage\":\"en-US\",\"@id\":\"https:\/\/lateralbranding.com\/en\/#\/schema\/logo\/image\/\",\"url\":\"http:\/\/lateralbranding.com\/wp-content\/uploads\/logo-lateralbranding.png\",\"contentUrl\":\"http:\/\/lateralbranding.com\/wp-content\/uploads\/logo-lateralbranding.png\",\"width\":400,\"height\":60,\"caption\":\"Lateral Branding\"},\"image\":{\"@id\":\"https:\/\/lateralbranding.com\/en\/#\/schema\/logo\/image\/\"}}]}<\/script>\n<!-- \/ Yoast SEO plugin. -->","yoast_head_json":{"title":"pol\u00edtica de cookies - Lateral Branding","description":"Esta pol\u00edtica de cookies explica qu\u00e9 son las cookies y c\u00f3mo las usamos. Debe leer esta pol\u00edtica para comprender qu\u00e9 son las cookies, c\u00f3mo las usamos, los","robots":{"index":"index","follow":"follow","max-snippet":"max-snippet:-1","max-image-preview":"max-image-preview:large","max-video-preview":"max-video-preview:-1"},"canonical":"http:\/\/lateralbranding.com\/en\/politica-de-cookies\/","og_locale":"en_US","og_type":"article","og_title":"pol\u00edtica de cookies - Lateral Branding","og_description":"Esta pol\u00edtica de cookies explica qu\u00e9 son las cookies y c\u00f3mo las usamos. Debe leer esta pol\u00edtica para comprender qu\u00e9 son las cookies, c\u00f3mo las usamos, los","og_url":"http:\/\/lateralbranding.com\/en\/politica-de-cookies\/","og_site_name":"Lateral Branding","article_modified_time":"2023-10-17T09:59:27+00:00","twitter_card":"summary_large_image","twitter_misc":{"Est. reading time":"3 minutes"},"schema":{"@context":"https:\/\/schema.org","@graph":[{"@type":"WebPage","@id":"http:\/\/lateralbranding.com\/en\/politica-de-cookies\/","url":"http:\/\/lateralbranding.com\/en\/politica-de-cookies\/","name":"pol\u00edtica de cookies - Lateral Branding","isPartOf":{"@id":"https:\/\/lateralbranding.com\/en\/#website"},"datePublished":"2022-06-28T10:09:25+00:00","dateModified":"2023-10-17T09:59:27+00:00","description":"Esta pol\u00edtica de cookies explica qu\u00e9 son las cookies y c\u00f3mo las usamos. Debe leer esta pol\u00edtica para comprender qu\u00e9 son las cookies, c\u00f3mo las usamos, los","breadcrumb":{"@id":"http:\/\/lateralbranding.com\/en\/politica-de-cookies\/#breadcrumb"},"inLanguage":"en-US","potentialAction":[{"@type":"ReadAction","target":["http:\/\/lateralbranding.com\/en\/politica-de-cookies\/"]}]},{"@type":"BreadcrumbList","@id":"http:\/\/lateralbranding.com\/en\/politica-de-cookies\/#breadcrumb","itemListElement":[{"@type":"ListItem","position":1,"name":"Portada","item":"http:\/\/lateralbranding.com\/en\/"},{"@type":"ListItem","position":2,"name":"pol\u00edtica de cookies"}]},{"@type":"WebSite","@id":"https:\/\/lateralbranding.com\/en\/#website","url":"https:\/\/lateralbranding.com\/en\/","name":"Lateral Branding","description":"","publisher":{"@id":"https:\/\/lateralbranding.com\/en\/#organization"},"potentialAction":[{"@type":"SearchAction","target":{"@type":"EntryPoint","urlTemplate":"https:\/\/lateralbranding.com\/en\/?s={search_term_string}"},"query-input":{"@type":"PropertyValueSpecification","valueRequired":true,"valueName":"search_term_string"}}],"inLanguage":"en-US"},{"@type":"Organization","@id":"https:\/\/lateralbranding.com\/en\/#organization","name":"Lateral Branding","url":"https:\/\/lateralbranding.com\/en\/","logo":{"@type":"ImageObject","inLanguage":"en-US","@id":"https:\/\/lateralbranding.com\/en\/#\/schema\/logo\/image\/","url":"http:\/\/lateralbranding.com\/wp-content\/uploads\/logo-lateralbranding.png","contentUrl":"http:\/\/lateralbranding.com\/wp-content\/uploads\/logo-lateralbranding.png","width":400,"height":60,"caption":"Lateral Branding"},"image":{"@id":"https:\/\/lateralbranding.com\/en\/#\/schema\/logo\/image\/"}}]}},"_links":{"self":[{"href":"http:\/\/lateralbranding.com\/en\/wp-json\/wp\/v2\/pages\/407","targetHints":{"allow":["GET"]}}],"collection":[{"href":"http:\/\/lateralbranding.com\/en\/wp-json\/wp\/v2\/pages"}],"about":[{"href":"http:\/\/lateralbranding.com\/en\/wp-json\/wp\/v2\/types\/page"}],"author":[{"embeddable":true,"href":"http:\/\/lateralbranding.com\/en\/wp-json\/wp\/v2\/users\/1"}],"replies":[{"embeddable":true,"href":"http:\/\/lateralbranding.com\/en\/wp-json\/wp\/v2\/comments?post=407"}],"version-history":[{"count":0,"href":"http:\/\/lateralbranding.com\/en\/wp-json\/wp\/v2\/pages\/407\/revisions"}],"wp:attachment":[{"href":"http:\/\/lateralbranding.com\/en\/wp-json\/wp\/v2\/media?parent=407"}],"curies":[{"name":"wp","href":"https:\/\/api.w.org\/{rel}","templated":true}]}}