{"id":429,"date":"2022-03-31T07:48:04","date_gmt":"2022-03-31T07:48:04","guid":{"rendered":"http:\/\/lateralbranding.com\/pagina-principal\/"},"modified":"2023-10-16T15:10:37","modified_gmt":"2023-10-16T15:10:37","slug":"pagina-principal","status":"publish","type":"page","link":"http:\/\/lateralbranding.com\/en\/","title":{"rendered":"P\u00e1gina principal"},"content":{"rendered":"\n<p>En Lateral Branding construimos identidad de marca<\/p>\n","protected":false},"excerpt":{"rendered":"<p>En LATERAL BRANDING construimos identidad de marca desde la estrategia, la conceptualizaci\u00f3n y el dise\u00f1o. Convertimos el posicionamiento en una experiencia real para el consumidor, a partir del dise\u00f1o de cualquier soporte capaz de expresar con eficacia el valor diferencial de la marca: su propia plasmaci\u00f3n visual y la de sus productos y sus materiales de comunicaci\u00f3n.<\/p>\n","protected":false},"author":1,"featured_media":0,"parent":0,"menu_order":0,"comment_status":"closed","ping_status":"closed","template":"page-templates\/page-home.php","meta":{"_acf_changed":false,"footnotes":""},"class_list":["post-429","page","type-page","status-publish","hentry"],"acf":[],"yoast_head":"<!-- This site is optimized with the Yoast SEO plugin v25.9 - https:\/\/yoast.com\/wordpress\/plugins\/seo\/ -->\n<title>Lateral Branding - Construimos Identidad de marca<\/title>\n<meta name=\"description\" content=\"En LATERAL BRANDING construimos identidad de marca desde la estrategia, la conceptualizaci\u00f3n y el dise\u00f1o. Convertimos el posicionamiento en una experiencia real para el consumidor, a partir del dise\u00f1o de cualquier soporte capaz de expresar con eficacia el valor diferencial de la marca: su propia plasmaci\u00f3n visual y la de sus productos y sus materiales de comunicaci\u00f3n.\" \/>\n<meta name=\"robots\" content=\"index, follow, max-snippet:-1, max-image-preview:large, max-video-preview:-1\" \/>\n<link rel=\"canonical\" href=\"http:\/\/lateralbranding.com\/en\/\" \/>\n<meta property=\"og:locale\" content=\"en_US\" \/>\n<meta property=\"og:type\" content=\"article\" \/>\n<meta property=\"og:title\" content=\"Lateral Branding - Construimos Identidad de marca\" \/>\n<meta property=\"og:description\" content=\"En LATERAL BRANDING construimos identidad de marca desde la estrategia, la conceptualizaci\u00f3n y el dise\u00f1o. Convertimos el posicionamiento en una experiencia real para el consumidor, a partir del dise\u00f1o de cualquier soporte capaz de expresar con eficacia el valor diferencial de la marca: su propia plasmaci\u00f3n visual y la de sus productos y sus materiales de comunicaci\u00f3n.\" \/>\n<meta property=\"og:url\" content=\"http:\/\/lateralbranding.com\/en\/\" \/>\n<meta property=\"og:site_name\" content=\"Lateral Branding\" \/>\n<meta property=\"article:modified_time\" content=\"2023-10-16T15:10:37+00:00\" \/>\n<meta name=\"twitter:card\" content=\"summary_large_image\" \/>\n<meta name=\"twitter:label1\" content=\"Est. reading time\" \/>\n\t<meta name=\"twitter:data1\" content=\"1 minute\" \/>\n<script type=\"application\/ld+json\" class=\"yoast-schema-graph\">{\"@context\":\"https:\/\/schema.org\",\"@graph\":[{\"@type\":\"WebPage\",\"@id\":\"http:\/\/lateralbranding.com\/en\/\",\"url\":\"http:\/\/lateralbranding.com\/en\/\",\"name\":\"Lateral Branding - Construimos Identidad de marca\",\"isPartOf\":{\"@id\":\"https:\/\/lateralbranding.com\/en\/#website\"},\"datePublished\":\"2022-03-31T07:48:04+00:00\",\"dateModified\":\"2023-10-16T15:10:37+00:00\",\"description\":\"En LATERAL BRANDING construimos identidad de marca desde la estrategia, la conceptualizaci\u00f3n y el dise\u00f1o. Convertimos el posicionamiento en una experiencia real para el consumidor, a partir del dise\u00f1o de cualquier soporte capaz de expresar con eficacia el valor diferencial de la marca: su propia plasmaci\u00f3n visual y la de sus productos y sus materiales de comunicaci\u00f3n.\",\"breadcrumb\":{\"@id\":\"http:\/\/lateralbranding.com\/en\/#breadcrumb\"},\"inLanguage\":\"en-US\",\"potentialAction\":[{\"@type\":\"ReadAction\",\"target\":[\"http:\/\/lateralbranding.com\/en\/\"]}]},{\"@type\":\"BreadcrumbList\",\"@id\":\"http:\/\/lateralbranding.com\/en\/#breadcrumb\",\"itemListElement\":[{\"@type\":\"ListItem\",\"position\":1,\"name\":\"Portada\",\"item\":\"http:\/\/lateralbranding.com\/en\/\"},{\"@type\":\"ListItem\",\"position\":2,\"name\":\"P\u00e1gina principal\"}]},{\"@type\":\"WebSite\",\"@id\":\"https:\/\/lateralbranding.com\/en\/#website\",\"url\":\"https:\/\/lateralbranding.com\/en\/\",\"name\":\"Lateral Branding\",\"description\":\"\",\"publisher\":{\"@id\":\"https:\/\/lateralbranding.com\/en\/#organization\"},\"potentialAction\":[{\"@type\":\"SearchAction\",\"target\":{\"@type\":\"EntryPoint\",\"urlTemplate\":\"https:\/\/lateralbranding.com\/en\/?s={search_term_string}\"},\"query-input\":{\"@type\":\"PropertyValueSpecification\",\"valueRequired\":true,\"valueName\":\"search_term_string\"}}],\"inLanguage\":\"en-US\"},{\"@type\":\"Organization\",\"@id\":\"https:\/\/lateralbranding.com\/en\/#organization\",\"name\":\"Lateral Branding\",\"url\":\"https:\/\/lateralbranding.com\/en\/\",\"logo\":{\"@type\":\"ImageObject\",\"inLanguage\":\"en-US\",\"@id\":\"https:\/\/lateralbranding.com\/en\/#\/schema\/logo\/image\/\",\"url\":\"http:\/\/lateralbranding.com\/wp-content\/uploads\/logo-lateralbranding.png\",\"contentUrl\":\"http:\/\/lateralbranding.com\/wp-content\/uploads\/logo-lateralbranding.png\",\"width\":400,\"height\":60,\"caption\":\"Lateral Branding\"},\"image\":{\"@id\":\"https:\/\/lateralbranding.com\/en\/#\/schema\/logo\/image\/\"}}]}<\/script>\n<!-- \/ Yoast SEO plugin. -->","yoast_head_json":{"title":"Lateral Branding - Construimos Identidad de marca","description":"En LATERAL BRANDING construimos identidad de marca desde la estrategia, la conceptualizaci\u00f3n y el dise\u00f1o. Convertimos el posicionamiento en una experiencia real para el consumidor, a partir del dise\u00f1o de cualquier soporte capaz de expresar con eficacia el valor diferencial de la marca: su propia plasmaci\u00f3n visual y la de sus productos y sus materiales de comunicaci\u00f3n.","robots":{"index":"index","follow":"follow","max-snippet":"max-snippet:-1","max-image-preview":"max-image-preview:large","max-video-preview":"max-video-preview:-1"},"canonical":"http:\/\/lateralbranding.com\/en\/","og_locale":"en_US","og_type":"article","og_title":"Lateral Branding - Construimos Identidad de marca","og_description":"En LATERAL BRANDING construimos identidad de marca desde la estrategia, la conceptualizaci\u00f3n y el dise\u00f1o. Convertimos el posicionamiento en una experiencia real para el consumidor, a partir del dise\u00f1o de cualquier soporte capaz de expresar con eficacia el valor diferencial de la marca: su propia plasmaci\u00f3n visual y la de sus productos y sus materiales de comunicaci\u00f3n.","og_url":"http:\/\/lateralbranding.com\/en\/","og_site_name":"Lateral Branding","article_modified_time":"2023-10-16T15:10:37+00:00","twitter_card":"summary_large_image","twitter_misc":{"Est. reading time":"1 minute"},"schema":{"@context":"https:\/\/schema.org","@graph":[{"@type":"WebPage","@id":"http:\/\/lateralbranding.com\/en\/","url":"http:\/\/lateralbranding.com\/en\/","name":"Lateral Branding - Construimos Identidad de marca","isPartOf":{"@id":"https:\/\/lateralbranding.com\/en\/#website"},"datePublished":"2022-03-31T07:48:04+00:00","dateModified":"2023-10-16T15:10:37+00:00","description":"En LATERAL BRANDING construimos identidad de marca desde la estrategia, la conceptualizaci\u00f3n y el dise\u00f1o. Convertimos el posicionamiento en una experiencia real para el consumidor, a partir del dise\u00f1o de cualquier soporte capaz de expresar con eficacia el valor diferencial de la marca: su propia plasmaci\u00f3n visual y la de sus productos y sus materiales de comunicaci\u00f3n.","breadcrumb":{"@id":"http:\/\/lateralbranding.com\/en\/#breadcrumb"},"inLanguage":"en-US","potentialAction":[{"@type":"ReadAction","target":["http:\/\/lateralbranding.com\/en\/"]}]},{"@type":"BreadcrumbList","@id":"http:\/\/lateralbranding.com\/en\/#breadcrumb","itemListElement":[{"@type":"ListItem","position":1,"name":"Portada","item":"http:\/\/lateralbranding.com\/en\/"},{"@type":"ListItem","position":2,"name":"P\u00e1gina principal"}]},{"@type":"WebSite","@id":"https:\/\/lateralbranding.com\/en\/#website","url":"https:\/\/lateralbranding.com\/en\/","name":"Lateral Branding","description":"","publisher":{"@id":"https:\/\/lateralbranding.com\/en\/#organization"},"potentialAction":[{"@type":"SearchAction","target":{"@type":"EntryPoint","urlTemplate":"https:\/\/lateralbranding.com\/en\/?s={search_term_string}"},"query-input":{"@type":"PropertyValueSpecification","valueRequired":true,"valueName":"search_term_string"}}],"inLanguage":"en-US"},{"@type":"Organization","@id":"https:\/\/lateralbranding.com\/en\/#organization","name":"Lateral Branding","url":"https:\/\/lateralbranding.com\/en\/","logo":{"@type":"ImageObject","inLanguage":"en-US","@id":"https:\/\/lateralbranding.com\/en\/#\/schema\/logo\/image\/","url":"http:\/\/lateralbranding.com\/wp-content\/uploads\/logo-lateralbranding.png","contentUrl":"http:\/\/lateralbranding.com\/wp-content\/uploads\/logo-lateralbranding.png","width":400,"height":60,"caption":"Lateral Branding"},"image":{"@id":"https:\/\/lateralbranding.com\/en\/#\/schema\/logo\/image\/"}}]}},"_links":{"self":[{"href":"http:\/\/lateralbranding.com\/en\/wp-json\/wp\/v2\/pages\/429","targetHints":{"allow":["GET"]}}],"collection":[{"href":"http:\/\/lateralbranding.com\/en\/wp-json\/wp\/v2\/pages"}],"about":[{"href":"http:\/\/lateralbranding.com\/en\/wp-json\/wp\/v2\/types\/page"}],"author":[{"embeddable":true,"href":"http:\/\/lateralbranding.com\/en\/wp-json\/wp\/v2\/users\/1"}],"replies":[{"embeddable":true,"href":"http:\/\/lateralbranding.com\/en\/wp-json\/wp\/v2\/comments?post=429"}],"version-history":[{"count":0,"href":"http:\/\/lateralbranding.com\/en\/wp-json\/wp\/v2\/pages\/429\/revisions"}],"wp:attachment":[{"href":"http:\/\/lateralbranding.com\/en\/wp-json\/wp\/v2\/media?parent=429"}],"curies":[{"name":"wp","href":"https:\/\/api.w.org\/{rel}","templated":true}]}}