{"id":2064,"date":"2023-10-03T07:54:05","date_gmt":"2023-10-03T07:54:05","guid":{"rendered":"http:\/\/lateralbranding.com\/?page_id=2064"},"modified":"2023-10-17T08:19:40","modified_gmt":"2023-10-17T08:19:40","slug":"accesibilidad","status":"publish","type":"page","link":"http:\/\/lateralbranding.com\/es\/accesibilidad\/","title":{"rendered":"accesibilidad"},"content":{"rendered":"\n<h2><strong>Declaraci\u00f3n de accesibilidad<\/strong><\/h2>\n<p>Lateral Branding S.L. se ha comprometido a hacer accesible su sitios web de conformidad con el Real Decreto 1112\/2018, de 7 de septiembre, sobre accesibilidad de los sitios web y aplicaciones para dispositivos m\u00f3viles del sector p\u00fablico.<\/p>\n<p>La presente declaraci\u00f3n de accesibilidad se aplica al sitio web https:\/\/lateralbranding.com.<br \/>A tal fin, el desarrollo y contenidos se ha desarrollado teniendo en consideraci\u00f3n la norma UNE-EN 301549, requerida por el RD 1112\/2018 y en las pautas de accesibilidad a contenidos WCAF 2.1, en el nivel AA establecidos por el (Consorcio de la World Wide Web).<\/p>\n<p>De acuerdo con la normativa se han analizado y ajustado los siguientes conceptos:<\/p>\n<p><strong>Multinavegador<\/strong><br \/>Las p\u00e1ginas presentan una visualizaci\u00f3n correcta en los diferentes navegadores utilizados para el an\u00e1lisis (Mozilla, Internet Explorer, Safari, Chrome).<\/p>\n<p><strong>Navegaci\u00f3n coherente<\/strong><br \/>Se asegura la consistencia en el sitio web, que permite que la navegaci\u00f3n sea coherente en todas las p\u00e1ginas y ofrece una experiencia de usuario gratificante.<\/p>\n<p><strong>Distracciones<\/strong><br \/>Se evitan interferencias como el contenido intermitente, el parpadeo exagerado o el audio que se pone en marcha autom\u00e1ticamente.<\/p>\n<p><strong>Im\u00e1genes de texto<\/strong><br \/>En general, el contenido, excepto logotipo, im\u00e1genes de marca y marcas de terceros, se puede configurar perfectamente, puesto que se evitan las im\u00e1genes de texto.<\/p>\n<p><strong>T\u00edtulos<\/strong><br \/>Los t\u00edtulos de p\u00e1gina denominan el tema principal del contenido principal y la secci\u00f3n para contextualizar a los usuarios.<\/p>\n<p><strong>Contraste de colores<\/strong><br \/>Las caracter\u00edsticas visuales del web (tipo de letra, color del texto y fondo, etc.) se han definido mediante la hoja de estilo.<br \/>Se ha trabajado en establecer una concordancia entre contraste que cumpla con la identidad de la marca y ajust\u00e1ndose en la medida posible a las pautas de las WCAG 2.0 referidas a la ratio de contraste en el nivel AA. Adem\u00e1s se facilita una herramienta de accesibilidad para poder ajustar la visualizaci\u00f3n a modos de visi\u00f3n de alto contraste.<\/p>\n<p><strong>Formularios<\/strong><br \/>Los formularios contienen etiquetas y controles asociados para permitir el salto entre secciones correctamente.<\/p>\n<p><strong>Idioma<\/strong><br \/>El idioma de las p\u00e1ginas est\u00e1 definido a nivel c\u00f3digo. Adem\u00e1s en el caso de tener contenidos multi-idioma se ofrece una visualizaci\u00f3n del idioma actual del contenido<\/p>\n<p><strong>Redes sociales<\/strong><br \/>Los conectores de las redes sociales son accesibles.<\/p>\n<p><strong>Reproductor de audiovisuales<\/strong><br \/>Los reproductores de audiovisuales son accesibles para usuarios de cualquier tipo de dispositivo, usuarios de teclado y personas ciegas.<\/p>\n<p><strong>Audiovisuales<\/strong><br \/>Los audiovisuales que explican procesos contienen audiodescripci\u00f3n, descripciones y subt\u00edtulos. Excepto en el caso de ser im\u00e1genes animadas sin ningun tipo de aporte<\/p>\n<p><strong>Lenguaje<\/strong><br \/>El lenguaje de la p\u00e1gina es simple y adecuado para el p\u00fablico al cual va dirigido el contenido.<\/p>\n<p>\u00a0<\/p>\n<h2>Situaci\u00f3n de cumplimiento<\/h2>\n<p>Este sitio web es parcialmente conforme con el RD 1112\/2018 debido a las excepciones y a la falta de conformidad de los aspectos que se indican en el siguiente punto.<\/p>\n<h3><strong>Contenido no accesible<\/strong><\/h3>\n<p>El contenido que se recoge a continuaci\u00f3n no es accesible por lo siguiente:<\/p>\n<p><strong>Falta de conformidad con el RD 1112\/2018<\/strong><br \/>Podr\u00edan existir documentos ofim\u00e1ticos en PDF y otros formatos publicados posteriormente al 20 de septiembre de 2018 que no cumplan en su totalidad los requisitos de accesibilidad. Se pueden solicitar los documentos completamente accesibles desde el formulario de contacto para formalizar quejas y consultas.<\/p>\n<p>Podr\u00edan existir errores de c\u00f3digo puntuales de edici\u00f3n en alguna p\u00e1gina web.<\/p>\n<p><strong>Carga desproporcionada<\/strong><br \/>No aplica.<\/p>\n<p><strong>El contenido no entra dentro del \u00e1mbito de la legislaci\u00f3n aplicable<\/strong><br \/>Podr\u00edan existir archivos ofim\u00e1ticos en PDF u otros formatos publicados antes del 20 de septiembre de 2018 que no cumplan en su totalidad todos los requisitos de accesibilidad. Aunque se ha procurado que la mayor\u00eda de ellos s\u00ed lo cumplan.<\/p>\n<h2>Preparaci\u00f3n de la presente declaraci\u00f3n de accesibilidad<\/h2>\n<p>La presente declaraci\u00f3n fue preparada el 30 de mayo de 2023.<\/p>\n<p>El m\u00e9todo empleado para preparar la declaraci\u00f3n ha sido una autoevaluaci\u00f3n llevada a cabo por la empresa de desarrollo.<\/p>\n<p>\u00daltima revisi\u00f3n de la declaraci\u00f3n: 10 de octubre de 2023.<\/p>\n<p><strong>Observaciones y datos de contacto<\/strong><\/p>\n<p>Puede realizar comunicaciones sobre requisitos de accesibilidad (art\u00edculo 10.2.a del RD 1112\/2018) como, por ejemplo:<\/p>\n<ul>\n<li>Informar sobre cualquier posible incumplimiento por parte de este sitio web<\/li>\n<li>Transmitir otras dificultades de acceso al contenido<\/li>\n<li>Formular cualquier otra consulta o sugerencia de mejora relativa a la accesibilidad del sitio web a trav\u00e9s del n\u00famero de tel\u00e9fono (+34) 933 435 804.<\/li>\n<\/ul>\n<p><strong>Puede presentar:<\/strong><\/p>\n<ul>\n<li>Queja relativa al cumplimiento de los requisitos del RD 1112\/2018 o<\/li>\n<li>Solicitud de Informaci\u00f3n accesible relativa a:\n<ul>\n<li>Contenidos que est\u00e1n excluidos del \u00e1mbito de aplicaci\u00f3n del RD 1112\/2018 seg\u00fan lo establecido por el art\u00edculo 3, apartado 4<\/li>\n<li>Contenidos que est\u00e1n exentos del cumplimiento de los requisitos de accesibilidad por imponer una carga desproporcionada.<\/li>\n<\/ul>\n<\/li>\n<\/ul>\n<p>En la Solicitud de informaci\u00f3n accesible, se debe concretar, con toda claridad, los hechos, razones y petici\u00f3n que permitan constatar que se trata de una solicitud razonable y leg\u00edtima.<\/p>\n<p>Las quejas y reclamaciones sobre informaci\u00f3n accesible se realizar\u00e1n a trav\u00e9s del formulario de contacto en https:\/\/lateralbranding.com\/contacto, y ser\u00e1n recibidas y tratadas por el equipo para facilitar cualquier tipo de contenido.<\/p>\n<h2>Contenido opcional<\/h2>\n<p>Esta web est\u00e1 dise\u00f1ada para poder cambiar el tama\u00f1o del texto y el color, as\u00ed como el fondo de la p\u00e1gina mediante las opciones de configuraci\u00f3n est\u00e1ndar de los navegadores.<\/p>\n<p>Adem\u00e1s se facilita una herramienta de accesibilidad en la parte inferior derecha para poder configurar r\u00e1pidamente entre varias opciones.<\/p>\n<p>Si desea cambiar el tama\u00f1o de letra del texto en los principales navegadores gr\u00e1ficos utilice los siguientes men\u00fas:<\/p>\n<ul>\n<li>Internet Explorer, Mozilla y Firefox: Ver &gt; Tama\u00f1o del texto<\/li>\n<li>Opera: Ver &gt; Zoom<\/li>\n<li>Safari: Ver &gt; Hacer el texto m\u00e1s grande<\/li>\n<li>Chrome: Controla la p\u00e1gina actual &gt; Tama\u00f1o del texto<\/li>\n<\/ul>\n<p>Para modificar el tama\u00f1o de todo en la p\u00e1gina:<\/p>\n<ul>\n<li>Ctrl + + para aumentarlo<\/li>\n<li>Ctrl + &#8211; para disminuirlo<\/li>\n<li>Ctrl + 0 restaura el tama\u00f1o original del texto<\/li>\n<\/ul>\n<p>\u00a0<\/p>\n","protected":false},"excerpt":{"rendered":"<p>Declaraci\u00f3n de accesibilidad Lateral Branding S.L. se ha comprometido a hacer accesible su sitios web de conformidad con el Real Decreto 1112\/2018, de 7 de septiembre, sobre accesibilidad de los &hellip;<\/p>\n","protected":false},"author":1,"featured_media":0,"parent":0,"menu_order":0,"comment_status":"closed","ping_status":"closed","template":"","meta":{"_acf_changed":false,"footnotes":""},"class_list":["post-2064","page","type-page","status-publish","hentry"],"acf":[],"yoast_head":"<!-- This site is optimized with the Yoast SEO plugin v25.9 - https:\/\/yoast.com\/wordpress\/plugins\/seo\/ -->\n<title>accesibilidad - Lateral Branding<\/title>\n<meta name=\"description\" content=\"Declaraci\u00f3n de accesibilidad Lateral Branding S.L. se ha comprometido a hacer accesible su sitios web de conformidad con el Real Decreto 1112\/2018, de 7\" \/>\n<meta name=\"robots\" content=\"index, follow, max-snippet:-1, max-image-preview:large, max-video-preview:-1\" \/>\n<link rel=\"canonical\" href=\"http:\/\/lateralbranding.com\/es\/accesibilidad\/\" \/>\n<meta property=\"og:locale\" content=\"es_ES\" \/>\n<meta property=\"og:type\" content=\"article\" \/>\n<meta property=\"og:title\" content=\"accesibilidad - Lateral Branding\" \/>\n<meta property=\"og:description\" content=\"Declaraci\u00f3n de accesibilidad Lateral Branding S.L. se ha comprometido a hacer accesible su sitios web de conformidad con el Real Decreto 1112\/2018, de 7\" \/>\n<meta property=\"og:url\" content=\"http:\/\/lateralbranding.com\/es\/accesibilidad\/\" \/>\n<meta property=\"og:site_name\" content=\"Lateral Branding\" \/>\n<meta property=\"article:modified_time\" content=\"2023-10-17T08:19:40+00:00\" \/>\n<meta name=\"twitter:card\" content=\"summary_large_image\" \/>\n<meta name=\"twitter:label1\" content=\"Tiempo de lectura\" \/>\n\t<meta name=\"twitter:data1\" content=\"5 minutos\" \/>\n<script type=\"application\/ld+json\" class=\"yoast-schema-graph\">{\"@context\":\"https:\/\/schema.org\",\"@graph\":[{\"@type\":\"WebPage\",\"@id\":\"http:\/\/lateralbranding.com\/es\/accesibilidad\/\",\"url\":\"http:\/\/lateralbranding.com\/es\/accesibilidad\/\",\"name\":\"accesibilidad - Lateral Branding\",\"isPartOf\":{\"@id\":\"https:\/\/lateralbranding.com\/es\/#website\"},\"datePublished\":\"2023-10-03T07:54:05+00:00\",\"dateModified\":\"2023-10-17T08:19:40+00:00\",\"description\":\"Declaraci\u00f3n de accesibilidad Lateral Branding S.L. se ha comprometido a hacer accesible su sitios web de conformidad con el Real Decreto 1112\/2018, de 7\",\"breadcrumb\":{\"@id\":\"http:\/\/lateralbranding.com\/es\/accesibilidad\/#breadcrumb\"},\"inLanguage\":\"es\",\"potentialAction\":[{\"@type\":\"ReadAction\",\"target\":[\"http:\/\/lateralbranding.com\/es\/accesibilidad\/\"]}]},{\"@type\":\"BreadcrumbList\",\"@id\":\"http:\/\/lateralbranding.com\/es\/accesibilidad\/#breadcrumb\",\"itemListElement\":[{\"@type\":\"ListItem\",\"position\":1,\"name\":\"Portada\",\"item\":\"https:\/\/lateralbranding.com\/es\/\"},{\"@type\":\"ListItem\",\"position\":2,\"name\":\"accesibilidad\"}]},{\"@type\":\"WebSite\",\"@id\":\"https:\/\/lateralbranding.com\/es\/#website\",\"url\":\"https:\/\/lateralbranding.com\/es\/\",\"name\":\"Lateral Branding\",\"description\":\"\",\"publisher\":{\"@id\":\"https:\/\/lateralbranding.com\/es\/#organization\"},\"potentialAction\":[{\"@type\":\"SearchAction\",\"target\":{\"@type\":\"EntryPoint\",\"urlTemplate\":\"https:\/\/lateralbranding.com\/es\/?s={search_term_string}\"},\"query-input\":{\"@type\":\"PropertyValueSpecification\",\"valueRequired\":true,\"valueName\":\"search_term_string\"}}],\"inLanguage\":\"es\"},{\"@type\":\"Organization\",\"@id\":\"https:\/\/lateralbranding.com\/es\/#organization\",\"name\":\"Lateral Branding\",\"url\":\"https:\/\/lateralbranding.com\/es\/\",\"logo\":{\"@type\":\"ImageObject\",\"inLanguage\":\"es\",\"@id\":\"https:\/\/lateralbranding.com\/es\/#\/schema\/logo\/image\/\",\"url\":\"http:\/\/lateralbranding.com\/wp-content\/uploads\/logo-lateralbranding.png\",\"contentUrl\":\"http:\/\/lateralbranding.com\/wp-content\/uploads\/logo-lateralbranding.png\",\"width\":400,\"height\":60,\"caption\":\"Lateral Branding\"},\"image\":{\"@id\":\"https:\/\/lateralbranding.com\/es\/#\/schema\/logo\/image\/\"}}]}<\/script>\n<!-- \/ Yoast SEO plugin. -->","yoast_head_json":{"title":"accesibilidad - Lateral Branding","description":"Declaraci\u00f3n de accesibilidad Lateral Branding S.L. se ha comprometido a hacer accesible su sitios web de conformidad con el Real Decreto 1112\/2018, de 7","robots":{"index":"index","follow":"follow","max-snippet":"max-snippet:-1","max-image-preview":"max-image-preview:large","max-video-preview":"max-video-preview:-1"},"canonical":"http:\/\/lateralbranding.com\/es\/accesibilidad\/","og_locale":"es_ES","og_type":"article","og_title":"accesibilidad - Lateral Branding","og_description":"Declaraci\u00f3n de accesibilidad Lateral Branding S.L. se ha comprometido a hacer accesible su sitios web de conformidad con el Real Decreto 1112\/2018, de 7","og_url":"http:\/\/lateralbranding.com\/es\/accesibilidad\/","og_site_name":"Lateral Branding","article_modified_time":"2023-10-17T08:19:40+00:00","twitter_card":"summary_large_image","twitter_misc":{"Tiempo de lectura":"5 minutos"},"schema":{"@context":"https:\/\/schema.org","@graph":[{"@type":"WebPage","@id":"http:\/\/lateralbranding.com\/es\/accesibilidad\/","url":"http:\/\/lateralbranding.com\/es\/accesibilidad\/","name":"accesibilidad - Lateral Branding","isPartOf":{"@id":"https:\/\/lateralbranding.com\/es\/#website"},"datePublished":"2023-10-03T07:54:05+00:00","dateModified":"2023-10-17T08:19:40+00:00","description":"Declaraci\u00f3n de accesibilidad Lateral Branding S.L. se ha comprometido a hacer accesible su sitios web de conformidad con el Real Decreto 1112\/2018, de 7","breadcrumb":{"@id":"http:\/\/lateralbranding.com\/es\/accesibilidad\/#breadcrumb"},"inLanguage":"es","potentialAction":[{"@type":"ReadAction","target":["http:\/\/lateralbranding.com\/es\/accesibilidad\/"]}]},{"@type":"BreadcrumbList","@id":"http:\/\/lateralbranding.com\/es\/accesibilidad\/#breadcrumb","itemListElement":[{"@type":"ListItem","position":1,"name":"Portada","item":"https:\/\/lateralbranding.com\/es\/"},{"@type":"ListItem","position":2,"name":"accesibilidad"}]},{"@type":"WebSite","@id":"https:\/\/lateralbranding.com\/es\/#website","url":"https:\/\/lateralbranding.com\/es\/","name":"Lateral Branding","description":"","publisher":{"@id":"https:\/\/lateralbranding.com\/es\/#organization"},"potentialAction":[{"@type":"SearchAction","target":{"@type":"EntryPoint","urlTemplate":"https:\/\/lateralbranding.com\/es\/?s={search_term_string}"},"query-input":{"@type":"PropertyValueSpecification","valueRequired":true,"valueName":"search_term_string"}}],"inLanguage":"es"},{"@type":"Organization","@id":"https:\/\/lateralbranding.com\/es\/#organization","name":"Lateral Branding","url":"https:\/\/lateralbranding.com\/es\/","logo":{"@type":"ImageObject","inLanguage":"es","@id":"https:\/\/lateralbranding.com\/es\/#\/schema\/logo\/image\/","url":"http:\/\/lateralbranding.com\/wp-content\/uploads\/logo-lateralbranding.png","contentUrl":"http:\/\/lateralbranding.com\/wp-content\/uploads\/logo-lateralbranding.png","width":400,"height":60,"caption":"Lateral Branding"},"image":{"@id":"https:\/\/lateralbranding.com\/es\/#\/schema\/logo\/image\/"}}]}},"_links":{"self":[{"href":"http:\/\/lateralbranding.com\/es\/wp-json\/wp\/v2\/pages\/2064","targetHints":{"allow":["GET"]}}],"collection":[{"href":"http:\/\/lateralbranding.com\/es\/wp-json\/wp\/v2\/pages"}],"about":[{"href":"http:\/\/lateralbranding.com\/es\/wp-json\/wp\/v2\/types\/page"}],"author":[{"embeddable":true,"href":"http:\/\/lateralbranding.com\/es\/wp-json\/wp\/v2\/users\/1"}],"replies":[{"embeddable":true,"href":"http:\/\/lateralbranding.com\/es\/wp-json\/wp\/v2\/comments?post=2064"}],"version-history":[{"count":0,"href":"http:\/\/lateralbranding.com\/es\/wp-json\/wp\/v2\/pages\/2064\/revisions"}],"wp:attachment":[{"href":"http:\/\/lateralbranding.com\/es\/wp-json\/wp\/v2\/media?parent=2064"}],"curies":[{"name":"wp","href":"https:\/\/api.w.org\/{rel}","templated":true}]}}