{"id":2584,"date":"2023-10-16T09:57:48","date_gmt":"2023-10-16T09:57:48","guid":{"rendered":"http:\/\/lateralbranding.com\/?page_id=2584"},"modified":"2023-10-16T15:54:26","modified_gmt":"2023-10-16T15:54:26","slug":"avis-legal","status":"publish","type":"page","link":"https:\/\/lateralbranding.com\/ca\/avis-legal\/","title":{"rendered":"av\u00eds legal"},"content":{"rendered":"\n<p>LATERAL BRANDING S.L. \u00e9s una societat limitada i en compliment de l&#8217;article 10 de la llei 34\/2002, de l&#8217;11 de juliol, de Serveis de la Societat de la Informaci\u00f3 i Comer\u00e7 Electr\u00f2nic, a continuaci\u00f3, s&#8217;exposen els dades identificatives de l&#8217;empresa, titular d&#8217;aquest portal:<\/p>\n<p>Ra\u00f3 social: LATERAL BRANDING S.L., NIF: B65388290, Domicili: Carrer Pau Claris, 106, 1-1, 08009 Barcelona. Tel\u00e8fon: 933 435 804. Correu electr\u00f2nic: info@lateralbranding.com. Nom de domini: lateralbranding.com<\/p>\n<p>El present apartat (en endavant &#8220;Av\u00eds Legal&#8221;), juntament amb la de Pol\u00edtica de Privacitat i de la Pol\u00edtica de Cookies, t\u00e9 com a finalitat establir i regular les normes d&#8217;acc\u00e9s i d&#8217;\u00fas d&#8217;aquest portal web posat a disposici\u00f3 de el p\u00fablic, entenent per aquest totes les p\u00e0gines i els seus continguts, propietat de la societat espanyola LATERAL BRANDING S.L. a les quals s&#8217;accedeix a trav\u00e9s del domini https:\/\/lateralbranding.com\/ (en endavant, el &#8220;Lloc Web&#8221;). Data d&#8217;actualitzaci\u00f3: Octubre 2023<\/p>\n<h2>acceptaci\u00f3 de l&#8217;usuari<\/h2>\n<p>Tota persona que accedeixi a aquest lloc web i utilitzi els seus serveis, o b\u00e9 faciliti les seves dades, assumeix el paper d&#8217;usuari, comprometent-se a l&#8217;observan\u00e7a i compliment rigor\u00f3s de les disposicions aqu\u00ed contingudes, aix\u00ed com a qualsevol altra disposici\u00f3 legal aplicable, a les quals resta subjecta per la seva condici\u00f3 d&#8217;Usuari. L&#8217;acceptaci\u00f3 de el present document comporta que l&#8217;Usuari: a) Ha llegit, i ent\u00e9n aquest av\u00eds legal. b) Que assumeix, i accepta, totes les obligacions que es disposen. La navegaci\u00f3 en lloc web implica l&#8217;acceptaci\u00f3, per part de l&#8217;Usuari, de les presents condicions d&#8217;\u00fas.<\/p>\n<h2>condicions d&#8217;\u00fas<\/h2>\n<p>El lloc Web proporciona l&#8217;acc\u00e9s a informacions, serveis i \/ o dades (des d&#8217;ara,&#8221;els continguts&#8221;) a Internet pertanyents a LATERAL BRANDING S.L. als quals l&#8217;Usuari pot tenir acc\u00e9s. L&#8217;Usuari assumeix la responsabilitat de l&#8217;\u00fas del portal i es compromet a llegir atentament el present Av\u00eds Legal en cadascuna de les ocasions en qu\u00e8 es disposi a utilitzar el portal web, ja que aquest i les seves condicions d&#8217;\u00fas recollides poden patir modificacions. L&#8217;Usuari ha de ser conscient que la seguretat dels sistemes inform\u00e0tics no pot ser absoluta. Malgrat que LATERAL BRANDING S.L. aplica les mesures de seguretat al seu abast, no garanteix que el lloc web i el servidor estiguin lliures de virus i no es fa responsable dels possibles danys o perjudicis que es puguin derivar d&#8217;interfer\u00e8ncies, omissions, interrupcions, virus inform\u00e0tics, avaries telef\u00f2niques o desconnexions en el funcionament operatiu d&#8217;aquest sistema electr\u00f2nic, motivats per causes alienes a nosaltres, de retards o bloquejos en l&#8217;\u00fas d&#8217;aquest sistema electr\u00f2nic causats per defici\u00e8ncies o sobrec\u00e0rregues de l\u00ednies telef\u00f2niques o sobrec\u00e0rregues en el sistema d&#8217; Internet o en altres sistemes electr\u00f2nics, aix\u00ed com tamb\u00e9 de danys que puguin ser causats per terceres persones mitjan\u00e7ant intromissions il\u00b7leg\u00edtimes fora del control de la nostra empresa. LATERAL BRANDING S.L. es reserva el dret a realitzar canvis en el lloc web sense previ av\u00eds, a fi de mantenir actualitzada la seva informaci\u00f3, afegint, modificant, corregint o eliminant els continguts publicats o el disseny del portal.<\/p>\n<h2>propietat intel\u00b7lectual i industrial<\/h2>\n<p>Aquest lloc web i tots els seus continguts, inclosos els textos, els documents, les fotografies, els dibuixos, les representacions gr\u00e0fiques, les bases de dades, els programes inform\u00e0tics, aix\u00ed com els logotips, les marques, els noms comercials i altres signes distintius s\u00f3n propietat de LATERAL BRANDING S.L. o de tercers que l&#8217;han autoritzat per al seu \u00fas. Independentment de la finalitat per a la qual fossin destinats els esmentats continguts, la seva reproducci\u00f3 total o parcial, \u00fas, explotaci\u00f3, distribuci\u00f3 i comercialitzaci\u00f3, requereix de l&#8217;autoritzaci\u00f3 escrita pr\u00e8via per part de LATERAL BRANDING S.L. Qualsevol \u00fas no autoritzat pr\u00e8viament, per part de Lateral Branding S.L. ser\u00e0 considerat un incompliment greu dels drets de propietat intel\u00b7lectual o industrial de l&#8217;autor, aix\u00ed com el dret a la intimitat i la pr\u00f2pia imatge de les persones que puguin apar\u00e8ixer. Per realitzar qualsevol tipus d&#8217;observaci\u00f3 o comentari, respecte a possibles incompliments dels drets de propietat intel\u00b7lectual o industrial, aix\u00ed com sobre qualsevol dels continguts d&#8217;el lloc web, pot fer-ho mitjan\u00e7ant el seg\u00fcent correu electr\u00f2nic info@lateralbranding.com.<\/p>\n<h2>r\u00e8gim de responsabilitat<\/h2>\n<p>Aquest lloc web cont\u00e9 materials amb fins \u00fanicament informatius. No obstant, malgrat de prendre les mesures raonables per assegurar que aquesta informaci\u00f3 no \u00e9s err\u00f2nia o equ\u00edvoca, i no es garanteix que sigui exacta, ni assumeix cap responsabilitat sobre la certesa de la informaci\u00f3 i \/ o continguts. L&#8217;Usuari ha de confirmar que est\u00e0 utilitzant les p\u00e0gines m\u00e9s actualitzades d&#8217;aquest lloc web, i confirmar que la informaci\u00f3 sigui precisa i completa abans d&#8217;utilitzar-la per prendre decisions relacionades amb serveis, productes o altres assumptes descrits en aquest lloc web. LATERAL BRANDING S.L. no \u00e9s responsable dels danys o perjudicis, de qualsevol naturalesa, que puguin derivar-se de la incorrecta, il\u00b7leg\u00edtima o il\u00b7l\u00edcita utilitzaci\u00f3, que es faci de el lloc web o dels continguts que s&#8217;ofereixen. Pel que declina qualsevol tipus de responsabilitat derivada de la informaci\u00f3 publicada a la seva p\u00e0gina web, sempre que aquesta informaci\u00f3 hagi estat manipulada o introdu\u00efda per un tercer ali\u00e8 a aquest. Tampoc respon per la legalitat de portals web de tercers, que puguin estar vinculats o enlla\u00e7ats des d&#8217;aquest Lloc Web. LATERAL BRANDING S.L. no garanteix la disponibilitat i continu\u00eftat de funcionament del Lloc Web i dels seus serveis. Quan sigui raonablement possible, s&#8217;advertir\u00e0 pr\u00e8viament de les interrupcions en el funcionament del web i dels serveis.<\/p>\n<h2>dret d&#8217;exclusi\u00f3<\/h2>\n<p>LATERAL BRANDING S.L. es reserva el dret d&#8217;impedir a l&#8217;Usuari l&#8217;acc\u00e9s i \u00fas dels serveis dels seus portals web, en qualsevol moment i sense av\u00eds previ, a inst\u00e0ncia pr\u00f2pia o de terceres persones en cas d&#8217;incompliment d&#8217;aquest av\u00eds legal i en cas d&#8217;actes contraris a la llei, la moral, els bons costums generalment acceptats, i l&#8217;ordre p\u00fablic. Els usuaris podran publicar les seves opinions i comentaris aix\u00ed com publicar altres continguts, enviar comunicacions, suggeriments, idees, comentaris, preguntes o altra informaci\u00f3, sempre que el contingut de les mateixes no resulti il\u00b7l\u00edcit, obsc\u00e8, abusiu, constitueixi un sup\u00f2sit d&#8217;amena\u00e7a o difamaci\u00f3 , o envaeixi la privacitat de tercers, infringeixi drets de propietat intel\u00b7lectual o de qualsevol altra forma resulti ofensiu per a tercers o censurable, ni consisteixi en o contingui virus inform\u00e0tics, propaganda pol\u00edtica o contingut publicitari, correus en cadena, enviament massiu de correus o constitueixi qualsevol un altre tipus de &#8220;spam&#8221;. LATERAL BRANDING S.L. podr\u00e0 impedir la publicaci\u00f3 d&#8217;un determinat contingut, o eliminar-lo del portal, en cas que consideri que pot existir alguna vulneraci\u00f3 de la legalitat vigent, dels drets de tercers o reb\u00e9s alguna comunicaci\u00f3, en aquest sentit. L&#8217;Usuari que proporciona les dades \u00e9s responsable de la veracitat dels mateixos i garanteix que les dades i informaci\u00f3 facilitada \u00e9s real i actualitzada i, a m\u00e9s, i els hi perteneix a ells i no a terceres persones. No est\u00e0 perm\u00e8s l&#8217;\u00fas d&#8217;adreces de correu falses, ni suplantar la identitat d&#8217;una altra persona o entitat, ni falsejar de qualsevol altra manera l&#8217;origen de qualsevol altre contingut.<\/p>\n<h2>tractament de dades personals<\/h2>\n<p>El lloc web pot ser visitat per qualsevol usuari de forma lliure. LATERAL BRANDING S.L. donar\u00e0 compliment a la normativa vigent en mat\u00e8ria de protecci\u00f3 de dades de car\u00e0cter personal i adoptar\u00e0 les mesures legalment exigibles per a la protecci\u00f3 de les dades de car\u00e0cter personal de l&#8217;usuari, preservant la seva privacitat i confidencialitat. Pot consultar tot el detall del tractament de les dades personals recollides en la nostra \u00e0rea de Pol\u00edtica de Privadesa. Aix\u00ed mateix, en el Lloc Web es podrien utilitzar cookies de diferent \u00edndole. Per a m\u00e9s detall, consulteu la nostra Pol\u00edtica de Cookies.<\/p>\n<h2>validesa de la informaci\u00f3<\/h2>\n<p>LATERAL BRANDING S.L. es reserva el dret a modificar qualsevol tipus d&#8217;informaci\u00f3 que pogu\u00e9s apar\u00e8ixer a la p\u00e0gina web, sense que existeixi cap obligaci\u00f3 d&#8217;avisar o informar els usuaris, de les esmentades modificacions, entenent com suficient, la publicaci\u00f3 en el lloc web. Aquest Av\u00eds Legal tindr\u00e0 un per\u00edode de validesa indefinit o, en tot cas, ser\u00e0 v\u00e0lid fins que es modifiqui i publiqui la nova versi\u00f3.<\/p>\n<h2>legislaci\u00f3 aplicable i compet\u00e8ncia judicial<\/h2>\n<p>LATERAL BRANDING S.L. perseguir\u00e0 l&#8217;incompliment de les presents condicions, aix\u00ed com qualsevol utilitzaci\u00f3 indeguda del seu portal exercint totes les accions civils i penals que li puguin correspondre en dret. Qualsevol controv\u00e8rsia sorgida en la interpretaci\u00f3 o l&#8217;execuci\u00f3 d&#8217;aquest Av\u00eds Legal, aix\u00ed com qualsevol q\u00fcesti\u00f3 relacionada amb els serveis de el present lloc web, s&#8217;interpretar\u00e0 a partir de la legislaci\u00f3 espanyola vigent. Si cap normativa no ho imped\u00eds, les parts renuncien a qualsevol altra jurisdicci\u00f3 i se sotmeten a la dels jutjats i tribunals de el domicili de LATERAL BRANDING S.L. per a qualsevol controv\u00e8rsia que es pogu\u00e9s esdevenir. En el cas que l&#8217;usuari tingui el seu domicili fora d&#8217;Espanya, LATERAL BRANDING S.L. i l&#8217;usuari se sotmeten als jutjats i tribunals de la ciutat de el domicili social de LATERAL BRANDING S.L.<\/p>\n","protected":false},"excerpt":{"rendered":"<p>LATERAL BRANDING S.L. \u00e9s una societat limitada i en compliment de l&#8217;article 10 de la llei 34\/2002, de l&#8217;11 de juliol, de Serveis de la Societat de la Informaci\u00f3 i &hellip;<\/p>\n","protected":false},"author":1,"featured_media":0,"parent":0,"menu_order":0,"comment_status":"closed","ping_status":"closed","template":"","meta":{"_acf_changed":false,"footnotes":""},"class_list":["post-2584","page","type-page","status-publish","hentry"],"acf":[],"yoast_head":"<!-- This site is optimized with the Yoast SEO plugin v25.9 - https:\/\/yoast.com\/wordpress\/plugins\/seo\/ -->\n<title>av\u00eds legal - Lateral Branding<\/title>\n<meta name=\"description\" content=\"LATERAL BRANDING S.L. \u00e9s una societat limitada i en compliment de l&#039;article 10 de la llei 34\/2002, de l&#039;11 de juliol, de Serveis de la Societat de la\" \/>\n<meta name=\"robots\" content=\"index, follow, max-snippet:-1, max-image-preview:large, max-video-preview:-1\" \/>\n<link rel=\"canonical\" href=\"https:\/\/lateralbranding.com\/ca\/avis-legal\/\" \/>\n<meta property=\"og:locale\" content=\"ca_ES\" \/>\n<meta property=\"og:type\" content=\"article\" \/>\n<meta property=\"og:title\" content=\"av\u00eds legal - Lateral Branding\" \/>\n<meta property=\"og:description\" content=\"LATERAL BRANDING S.L. \u00e9s una societat limitada i en compliment de l&#039;article 10 de la llei 34\/2002, de l&#039;11 de juliol, de Serveis de la Societat de la\" \/>\n<meta property=\"og:url\" content=\"https:\/\/lateralbranding.com\/ca\/avis-legal\/\" \/>\n<meta property=\"og:site_name\" content=\"Lateral Branding\" \/>\n<meta property=\"article:modified_time\" content=\"2023-10-16T15:54:26+00:00\" \/>\n<meta name=\"twitter:card\" content=\"summary_large_image\" \/>\n<meta name=\"twitter:label1\" content=\"Temps estimat de lectura\" \/>\n\t<meta name=\"twitter:data1\" content=\"7 minuts\" \/>\n<script type=\"application\/ld+json\" class=\"yoast-schema-graph\">{\"@context\":\"https:\/\/schema.org\",\"@graph\":[{\"@type\":\"WebPage\",\"@id\":\"https:\/\/lateralbranding.com\/ca\/avis-legal\/\",\"url\":\"https:\/\/lateralbranding.com\/ca\/avis-legal\/\",\"name\":\"av\u00eds legal - Lateral Branding\",\"isPartOf\":{\"@id\":\"https:\/\/lateralbranding.com\/ca\/#website\"},\"datePublished\":\"2023-10-16T09:57:48+00:00\",\"dateModified\":\"2023-10-16T15:54:26+00:00\",\"description\":\"LATERAL BRANDING S.L. \u00e9s una societat limitada i en compliment de l'article 10 de la llei 34\/2002, de l'11 de juliol, de Serveis de la Societat de la\",\"breadcrumb\":{\"@id\":\"https:\/\/lateralbranding.com\/ca\/avis-legal\/#breadcrumb\"},\"inLanguage\":\"ca\",\"potentialAction\":[{\"@type\":\"ReadAction\",\"target\":[\"https:\/\/lateralbranding.com\/ca\/avis-legal\/\"]}]},{\"@type\":\"BreadcrumbList\",\"@id\":\"https:\/\/lateralbranding.com\/ca\/avis-legal\/#breadcrumb\",\"itemListElement\":[{\"@type\":\"ListItem\",\"position\":1,\"name\":\"Portada\",\"item\":\"https:\/\/lateralbranding.com\/ca\/\"},{\"@type\":\"ListItem\",\"position\":2,\"name\":\"av\u00eds legal\"}]},{\"@type\":\"WebSite\",\"@id\":\"https:\/\/lateralbranding.com\/ca\/#website\",\"url\":\"https:\/\/lateralbranding.com\/ca\/\",\"name\":\"Lateral Branding\",\"description\":\"\",\"publisher\":{\"@id\":\"https:\/\/lateralbranding.com\/ca\/#organization\"},\"potentialAction\":[{\"@type\":\"SearchAction\",\"target\":{\"@type\":\"EntryPoint\",\"urlTemplate\":\"https:\/\/lateralbranding.com\/ca\/?s={search_term_string}\"},\"query-input\":{\"@type\":\"PropertyValueSpecification\",\"valueRequired\":true,\"valueName\":\"search_term_string\"}}],\"inLanguage\":\"ca\"},{\"@type\":\"Organization\",\"@id\":\"https:\/\/lateralbranding.com\/ca\/#organization\",\"name\":\"Lateral Branding\",\"url\":\"https:\/\/lateralbranding.com\/ca\/\",\"logo\":{\"@type\":\"ImageObject\",\"inLanguage\":\"ca\",\"@id\":\"https:\/\/lateralbranding.com\/ca\/#\/schema\/logo\/image\/\",\"url\":\"https:\/\/lateralbranding.com\/wp-content\/uploads\/logo-lateralbranding.png\",\"contentUrl\":\"https:\/\/lateralbranding.com\/wp-content\/uploads\/logo-lateralbranding.png\",\"width\":400,\"height\":60,\"caption\":\"Lateral Branding\"},\"image\":{\"@id\":\"https:\/\/lateralbranding.com\/ca\/#\/schema\/logo\/image\/\"}}]}<\/script>\n<!-- \/ Yoast SEO plugin. -->","yoast_head_json":{"title":"av\u00eds legal - Lateral Branding","description":"LATERAL BRANDING S.L. \u00e9s una societat limitada i en compliment de l'article 10 de la llei 34\/2002, de l'11 de juliol, de Serveis de la Societat de la","robots":{"index":"index","follow":"follow","max-snippet":"max-snippet:-1","max-image-preview":"max-image-preview:large","max-video-preview":"max-video-preview:-1"},"canonical":"https:\/\/lateralbranding.com\/ca\/avis-legal\/","og_locale":"ca_ES","og_type":"article","og_title":"av\u00eds legal - Lateral Branding","og_description":"LATERAL BRANDING S.L. \u00e9s una societat limitada i en compliment de l'article 10 de la llei 34\/2002, de l'11 de juliol, de Serveis de la Societat de la","og_url":"https:\/\/lateralbranding.com\/ca\/avis-legal\/","og_site_name":"Lateral Branding","article_modified_time":"2023-10-16T15:54:26+00:00","twitter_card":"summary_large_image","twitter_misc":{"Temps estimat de lectura":"7 minuts"},"schema":{"@context":"https:\/\/schema.org","@graph":[{"@type":"WebPage","@id":"https:\/\/lateralbranding.com\/ca\/avis-legal\/","url":"https:\/\/lateralbranding.com\/ca\/avis-legal\/","name":"av\u00eds legal - Lateral Branding","isPartOf":{"@id":"https:\/\/lateralbranding.com\/ca\/#website"},"datePublished":"2023-10-16T09:57:48+00:00","dateModified":"2023-10-16T15:54:26+00:00","description":"LATERAL BRANDING S.L. \u00e9s una societat limitada i en compliment de l'article 10 de la llei 34\/2002, de l'11 de juliol, de Serveis de la Societat de la","breadcrumb":{"@id":"https:\/\/lateralbranding.com\/ca\/avis-legal\/#breadcrumb"},"inLanguage":"ca","potentialAction":[{"@type":"ReadAction","target":["https:\/\/lateralbranding.com\/ca\/avis-legal\/"]}]},{"@type":"BreadcrumbList","@id":"https:\/\/lateralbranding.com\/ca\/avis-legal\/#breadcrumb","itemListElement":[{"@type":"ListItem","position":1,"name":"Portada","item":"https:\/\/lateralbranding.com\/ca\/"},{"@type":"ListItem","position":2,"name":"av\u00eds legal"}]},{"@type":"WebSite","@id":"https:\/\/lateralbranding.com\/ca\/#website","url":"https:\/\/lateralbranding.com\/ca\/","name":"Lateral Branding","description":"","publisher":{"@id":"https:\/\/lateralbranding.com\/ca\/#organization"},"potentialAction":[{"@type":"SearchAction","target":{"@type":"EntryPoint","urlTemplate":"https:\/\/lateralbranding.com\/ca\/?s={search_term_string}"},"query-input":{"@type":"PropertyValueSpecification","valueRequired":true,"valueName":"search_term_string"}}],"inLanguage":"ca"},{"@type":"Organization","@id":"https:\/\/lateralbranding.com\/ca\/#organization","name":"Lateral Branding","url":"https:\/\/lateralbranding.com\/ca\/","logo":{"@type":"ImageObject","inLanguage":"ca","@id":"https:\/\/lateralbranding.com\/ca\/#\/schema\/logo\/image\/","url":"https:\/\/lateralbranding.com\/wp-content\/uploads\/logo-lateralbranding.png","contentUrl":"https:\/\/lateralbranding.com\/wp-content\/uploads\/logo-lateralbranding.png","width":400,"height":60,"caption":"Lateral Branding"},"image":{"@id":"https:\/\/lateralbranding.com\/ca\/#\/schema\/logo\/image\/"}}]}},"_links":{"self":[{"href":"https:\/\/lateralbranding.com\/ca\/wp-json\/wp\/v2\/pages\/2584","targetHints":{"allow":["GET"]}}],"collection":[{"href":"https:\/\/lateralbranding.com\/ca\/wp-json\/wp\/v2\/pages"}],"about":[{"href":"https:\/\/lateralbranding.com\/ca\/wp-json\/wp\/v2\/types\/page"}],"author":[{"embeddable":true,"href":"https:\/\/lateralbranding.com\/ca\/wp-json\/wp\/v2\/users\/1"}],"replies":[{"embeddable":true,"href":"https:\/\/lateralbranding.com\/ca\/wp-json\/wp\/v2\/comments?post=2584"}],"version-history":[{"count":0,"href":"https:\/\/lateralbranding.com\/ca\/wp-json\/wp\/v2\/pages\/2584\/revisions"}],"wp:attachment":[{"href":"https:\/\/lateralbranding.com\/ca\/wp-json\/wp\/v2\/media?parent=2584"}],"curies":[{"name":"wp","href":"https:\/\/api.w.org\/{rel}","templated":true}]}}